{"id":1693,"date":"2015-01-13T17:00:24","date_gmt":"2015-01-13T17:00:24","guid":{"rendered":"http:\/\/altenpflege-pflegeheim.de\/de\/?page_id=1693"},"modified":"2015-01-13T17:01:16","modified_gmt":"2015-01-13T17:01:16","slug":"pflegeversicherung","status":"publish","type":"page","link":"https:\/\/altenpflege-pflegeheim.de\/de\/pflegeversicherung\/","title":{"rendered":"Pflegeversicherung"},"content":{"rendered":"<p>Eine &#8222;<a href=\"http:\/\/altenpflege-pflegeheim.de\/de\/vergleich-pflegeversicherungen\/\">Pflegeversicherung<\/a>&#8220; abgeschlossen zu haben oder abzuschlie\u00dfen, ist immer vorteilhaft, denn im Alter oder bei Krankheit k\u00f6nnen hohe Kosten durch notwendige Pflege entstehen. Diese Kosten k\u00f6nnen viele nicht selbst tragen, weshalb die Pflegeversicherung f\u00fcr die Kosten aufkommt.<\/p>\n<p>Altern mit W\u00fcrde ist das Ziel eines jeden Menschen. Doch im hohen Alter kann vieles nicht mehr selbst bew\u00e4ltigt werden, weil die Kraft nicht mehr ausreicht oder durch Krankheit die Mobilit\u00e4t eingeschr\u00e4nkt ist. Hat man eine <em>Pflegeversicherung<\/em> abgeschlossen, so wird man auch im hohen Alter noch gut versorgt. Die Versicherungsbeitr\u00e4ge werden meist monatlich bezahlt und kosten je nach Versicherungssumme nur wenig Geld. Die H\u00f6he der Versicherungssumme sowie die gew\u00fcnschten Pflegema\u00dfnahmen werden individuell mit dem Versicherungsnehmer vereinbart. M\u00f6chte man eine Pflegeversicherung abschlie\u00dfen, so kann man sich bei beinahe jeder Versicherung beraten lassen. Im Krankheitsfall oder wenn Hilfe im Alltag ben\u00f6tigt wird, tritt diese Versicherung dann in Kraft und kommt f\u00fcr alle entstehenden Kosten zur Pflege auf. Eine Pflegeversicherung bietet den Vorteil, dass weder dem Versicherungsnehmer noch den Angeh\u00f6rigen, hohe Kosten entstehen. Auch ist so gew\u00e4hrleistet, von einer professionellen Pflegekraft versorgt zu werden, welche sich um die individuellen Bed\u00fcrfnisse k\u00fcmmert und sich die Zeit nimmt die ben\u00f6tigt wird. Die Versicherung kommt nicht nur f\u00fcr die Kosten in der h\u00e4uslichen Pflege auf, sondern auch f\u00fcr die Kosten die entstehen falls eine Pflege zu Hause nicht mehr fachgerecht und ausreichend durchgef\u00fchrt werden kann und beispielsweise die Unterbringung in einem Pflegeheim notwendig werden sollte. Die Beitr\u00e4ge sind h\u00e4ufig sehr gering und sch\u00fctzen vor sp\u00e4teren, immensen Kosten die im Alter oder im Krankheitsfall auftreten k\u00f6nnen.<\/p>\n<p>Vor dem Abschluss einer <strong>Pflegeversicherung<\/strong> sollte man sich stets individuell beraten lassen um bei Bedarf genau die Pflege zu bekommen die gew\u00fcnscht und n\u00f6tig ist. Mit einer Pflegeversicherung kommen au\u00dfer den monatlichen Beitr\u00e4gen keine weiteren Kosten auf den Versicherungsnehmer zu. Durch eine Pflegeversicherung ist man in allen Bereichen des Lebens rund um die Pflege abgesichert und muss sich nicht mit kurzen Besuchen einer Pflegekraft zu hause begn\u00fcgen, denn oftmals reichen die R\u00fccklagen nicht aus um eine Vollzeitpflege zu bezahlen. Die Versicherung deckt dies alles ab und gew\u00e4hrleistet so eine Pflege die auf die Bed\u00fcrfnisse des zu pflegenden perfekt abgestimmt ist.<\/p>\n<iframe loading=\"lazy\" src=\"https:\/\/a.partner-versicherung.de\/click.php?partner_id=58515&ad_id=1082&insurance_id=35\" width=\"515\" height=\"1000\" name=\"vergleich\" marginwidth=0 marginheight=0 border=\"0\" frameborder=\"0\" scrolling=\"no\"><\/iframe>\r\n\n<p>[youtube_sc url=&#8220;https:\/\/www.youtube.com\/watch?v=ajI5rj2fRWs&#8220; title=&#8220;Pflegeversicherung&#8220;]<\/p>\n","protected":false},"excerpt":{"rendered":"<p>Eine &#8222;Pflegeversicherung&#8220; abgeschlossen zu haben oder abzuschlie\u00dfen, ist immer vorteilhaft, denn im Alter oder bei Krankheit k\u00f6nnen hohe Kosten durch notwendige Pflege entstehen. Diese Kosten k\u00f6nnen viele nicht selbst tragen, weshalb die Pflegeversicherung f\u00fcr die Kosten aufkommt. Altern mit W\u00fcrde ist das Ziel eines jeden Menschen. Doch im hohen Alter kann vieles nicht mehr selbst [&hellip;]<\/p>\n","protected":false},"author":4,"featured_media":1694,"parent":0,"menu_order":0,"comment_status":"open","ping_status":"open","template":"","meta":{"site-sidebar-layout":"default","site-content-layout":"","ast-site-content-layout":"default","site-content-style":"default","site-sidebar-style":"default","ast-global-header-display":"","ast-banner-title-visibility":"","ast-main-header-display":"","ast-hfb-above-header-display":"","ast-hfb-below-header-display":"","ast-hfb-mobile-header-display":"","site-post-title":"","ast-breadcrumbs-content":"","ast-featured-img":"","footer-sml-layout":"","ast-disable-related-posts":"","theme-transparent-header-meta":"","adv-header-id-meta":"","stick-header-meta":"","header-above-stick-meta":"","header-main-stick-meta":"","header-below-stick-meta":"","astra-migrate-meta-layouts":"default","ast-page-background-enabled":"default","ast-page-background-meta":{"desktop":{"background-color":"","background-image":"","background-repeat":"repeat","background-position":"center center","background-size":"auto","background-attachment":"scroll","background-type":"","background-media":"","overlay-type":"","overlay-color":"","overlay-opacity":"","overlay-gradient":""},"tablet":{"background-color":"","background-image":"","background-repeat":"repeat","background-position":"center center","background-size":"auto","background-attachment":"scroll","background-type":"","background-media":"","overlay-type":"","overlay-color":"","overlay-opacity":"","overlay-gradient":""},"mobile":{"background-color":"","background-image":"","background-repeat":"repeat","background-position":"center center","background-size":"auto","background-attachment":"scroll","background-type":"","background-media":"","overlay-type":"","overlay-color":"","overlay-opacity":"","overlay-gradient":""}},"ast-content-background-meta":{"desktop":{"background-color":"var(--ast-global-color-5)","background-image":"","background-repeat":"repeat","background-position":"center center","background-size":"auto","background-attachment":"scroll","background-type":"","background-media":"","overlay-type":"","overlay-color":"","overlay-opacity":"","overlay-gradient":""},"tablet":{"background-color":"var(--ast-global-color-5)","background-image":"","background-repeat":"repeat","background-position":"center center","background-size":"auto","background-attachment":"scroll","background-type":"","background-media":"","overlay-type":"","overlay-color":"","overlay-opacity":"","overlay-gradient":""},"mobile":{"background-color":"var(--ast-global-color-5)","background-image":"","background-repeat":"repeat","background-position":"center center","background-size":"auto","background-attachment":"scroll","background-type":"","background-media":"","overlay-type":"","overlay-color":"","overlay-opacity":"","overlay-gradient":""}},"footnotes":""},"class_list":["post-1693","page","type-page","status-publish","has-post-thumbnail","hentry"],"yoast_head":"<!-- This site is optimized with the Yoast SEO plugin v26.9 - https:\/\/yoast.com\/product\/yoast-seo-wordpress\/ -->\n<title>Pflegeversicherung - Altenheime Blog<\/title>\n<meta name=\"robots\" content=\"index, follow, max-snippet:-1, max-image-preview:large, max-video-preview:-1\" \/>\n<link rel=\"canonical\" href=\"https:\/\/altenpflege-pflegeheim.de\/de\/pflegeversicherung\/\" \/>\n<meta property=\"og:locale\" content=\"de_DE\" \/>\n<meta property=\"og:type\" content=\"article\" \/>\n<meta property=\"og:title\" content=\"Pflegeversicherung - Altenheime Blog\" \/>\n<meta property=\"og:description\" content=\"Eine &#8222;Pflegeversicherung&#8220; abgeschlossen zu haben oder abzuschlie\u00dfen, ist immer vorteilhaft, denn im Alter oder bei Krankheit k\u00f6nnen hohe Kosten durch notwendige Pflege entstehen. Diese Kosten k\u00f6nnen viele nicht selbst tragen, weshalb die Pflegeversicherung f\u00fcr die Kosten aufkommt. Altern mit W\u00fcrde ist das Ziel eines jeden Menschen. Doch im hohen Alter kann vieles nicht mehr selbst [&hellip;]\" \/>\n<meta property=\"og:url\" content=\"https:\/\/altenpflege-pflegeheim.de\/de\/pflegeversicherung\/\" \/>\n<meta property=\"og:site_name\" content=\"Altenheime Blog\" \/>\n<meta property=\"article:modified_time\" content=\"2015-01-13T17:01:16+00:00\" \/>\n<meta property=\"og:image\" content=\"https:\/\/altenpflege-pflegeheim.de\/de\/wp-content\/uploads\/2015\/01\/Pflegeversicherung.jpg\" \/>\n\t<meta property=\"og:image:width\" content=\"747\" \/>\n\t<meta property=\"og:image:height\" content=\"356\" \/>\n\t<meta property=\"og:image:type\" content=\"image\/jpeg\" \/>\n<meta name=\"twitter:label1\" content=\"Gesch\u00e4tzte Lesezeit\" \/>\n\t<meta name=\"twitter:data1\" content=\"2\u00a0Minuten\" \/>\n<script type=\"application\/ld+json\" class=\"yoast-schema-graph\">{\"@context\":\"https:\/\/schema.org\",\"@graph\":[{\"@type\":\"WebPage\",\"@id\":\"https:\/\/altenpflege-pflegeheim.de\/de\/pflegeversicherung\/\",\"url\":\"https:\/\/altenpflege-pflegeheim.de\/de\/pflegeversicherung\/\",\"name\":\"Pflegeversicherung - Altenheime Blog\",\"isPartOf\":{\"@id\":\"https:\/\/altenpflege-pflegeheim.de\/de\/#website\"},\"primaryImageOfPage\":{\"@id\":\"https:\/\/altenpflege-pflegeheim.de\/de\/pflegeversicherung\/#primaryimage\"},\"image\":{\"@id\":\"https:\/\/altenpflege-pflegeheim.de\/de\/pflegeversicherung\/#primaryimage\"},\"thumbnailUrl\":\"https:\/\/altenpflege-pflegeheim.de\/de\/wp-content\/uploads\/2015\/01\/Pflegeversicherung.jpg\",\"datePublished\":\"2015-01-13T17:00:24+00:00\",\"dateModified\":\"2015-01-13T17:01:16+00:00\",\"breadcrumb\":{\"@id\":\"https:\/\/altenpflege-pflegeheim.de\/de\/pflegeversicherung\/#breadcrumb\"},\"inLanguage\":\"de\",\"potentialAction\":[{\"@type\":\"ReadAction\",\"target\":[\"https:\/\/altenpflege-pflegeheim.de\/de\/pflegeversicherung\/\"]}]},{\"@type\":\"ImageObject\",\"inLanguage\":\"de\",\"@id\":\"https:\/\/altenpflege-pflegeheim.de\/de\/pflegeversicherung\/#primaryimage\",\"url\":\"https:\/\/altenpflege-pflegeheim.de\/de\/wp-content\/uploads\/2015\/01\/Pflegeversicherung.jpg\",\"contentUrl\":\"https:\/\/altenpflege-pflegeheim.de\/de\/wp-content\/uploads\/2015\/01\/Pflegeversicherung.jpg\",\"width\":747,\"height\":356},{\"@type\":\"BreadcrumbList\",\"@id\":\"https:\/\/altenpflege-pflegeheim.de\/de\/pflegeversicherung\/#breadcrumb\",\"itemListElement\":[{\"@type\":\"ListItem\",\"position\":1,\"name\":\"Home\",\"item\":\"https:\/\/altenpflege-pflegeheim.de\/de\/\"},{\"@type\":\"ListItem\",\"position\":2,\"name\":\"Pflegeversicherung\"}]},{\"@type\":\"WebSite\",\"@id\":\"https:\/\/altenpflege-pflegeheim.de\/de\/#website\",\"url\":\"https:\/\/altenpflege-pflegeheim.de\/de\/\",\"name\":\"Altenheime Blog\",\"description\":\"\",\"potentialAction\":[{\"@type\":\"SearchAction\",\"target\":{\"@type\":\"EntryPoint\",\"urlTemplate\":\"https:\/\/altenpflege-pflegeheim.de\/de\/?s={search_term_string}\"},\"query-input\":{\"@type\":\"PropertyValueSpecification\",\"valueRequired\":true,\"valueName\":\"search_term_string\"}}],\"inLanguage\":\"de\"}]}<\/script>\n<!-- \/ Yoast SEO plugin. -->","yoast_head_json":{"title":"Pflegeversicherung - Altenheime Blog","robots":{"index":"index","follow":"follow","max-snippet":"max-snippet:-1","max-image-preview":"max-image-preview:large","max-video-preview":"max-video-preview:-1"},"canonical":"https:\/\/altenpflege-pflegeheim.de\/de\/pflegeversicherung\/","og_locale":"de_DE","og_type":"article","og_title":"Pflegeversicherung - Altenheime Blog","og_description":"Eine &#8222;Pflegeversicherung&#8220; abgeschlossen zu haben oder abzuschlie\u00dfen, ist immer vorteilhaft, denn im Alter oder bei Krankheit k\u00f6nnen hohe Kosten durch notwendige Pflege entstehen. Diese Kosten k\u00f6nnen viele nicht selbst tragen, weshalb die Pflegeversicherung f\u00fcr die Kosten aufkommt. Altern mit W\u00fcrde ist das Ziel eines jeden Menschen. Doch im hohen Alter kann vieles nicht mehr selbst [&hellip;]","og_url":"https:\/\/altenpflege-pflegeheim.de\/de\/pflegeversicherung\/","og_site_name":"Altenheime Blog","article_modified_time":"2015-01-13T17:01:16+00:00","og_image":[{"width":747,"height":356,"url":"https:\/\/altenpflege-pflegeheim.de\/de\/wp-content\/uploads\/2015\/01\/Pflegeversicherung.jpg","type":"image\/jpeg"}],"twitter_misc":{"Gesch\u00e4tzte Lesezeit":"2\u00a0Minuten"},"schema":{"@context":"https:\/\/schema.org","@graph":[{"@type":"WebPage","@id":"https:\/\/altenpflege-pflegeheim.de\/de\/pflegeversicherung\/","url":"https:\/\/altenpflege-pflegeheim.de\/de\/pflegeversicherung\/","name":"Pflegeversicherung - Altenheime Blog","isPartOf":{"@id":"https:\/\/altenpflege-pflegeheim.de\/de\/#website"},"primaryImageOfPage":{"@id":"https:\/\/altenpflege-pflegeheim.de\/de\/pflegeversicherung\/#primaryimage"},"image":{"@id":"https:\/\/altenpflege-pflegeheim.de\/de\/pflegeversicherung\/#primaryimage"},"thumbnailUrl":"https:\/\/altenpflege-pflegeheim.de\/de\/wp-content\/uploads\/2015\/01\/Pflegeversicherung.jpg","datePublished":"2015-01-13T17:00:24+00:00","dateModified":"2015-01-13T17:01:16+00:00","breadcrumb":{"@id":"https:\/\/altenpflege-pflegeheim.de\/de\/pflegeversicherung\/#breadcrumb"},"inLanguage":"de","potentialAction":[{"@type":"ReadAction","target":["https:\/\/altenpflege-pflegeheim.de\/de\/pflegeversicherung\/"]}]},{"@type":"ImageObject","inLanguage":"de","@id":"https:\/\/altenpflege-pflegeheim.de\/de\/pflegeversicherung\/#primaryimage","url":"https:\/\/altenpflege-pflegeheim.de\/de\/wp-content\/uploads\/2015\/01\/Pflegeversicherung.jpg","contentUrl":"https:\/\/altenpflege-pflegeheim.de\/de\/wp-content\/uploads\/2015\/01\/Pflegeversicherung.jpg","width":747,"height":356},{"@type":"BreadcrumbList","@id":"https:\/\/altenpflege-pflegeheim.de\/de\/pflegeversicherung\/#breadcrumb","itemListElement":[{"@type":"ListItem","position":1,"name":"Home","item":"https:\/\/altenpflege-pflegeheim.de\/de\/"},{"@type":"ListItem","position":2,"name":"Pflegeversicherung"}]},{"@type":"WebSite","@id":"https:\/\/altenpflege-pflegeheim.de\/de\/#website","url":"https:\/\/altenpflege-pflegeheim.de\/de\/","name":"Altenheime Blog","description":"","potentialAction":[{"@type":"SearchAction","target":{"@type":"EntryPoint","urlTemplate":"https:\/\/altenpflege-pflegeheim.de\/de\/?s={search_term_string}"},"query-input":{"@type":"PropertyValueSpecification","valueRequired":true,"valueName":"search_term_string"}}],"inLanguage":"de"}]}},"_links":{"self":[{"href":"https:\/\/altenpflege-pflegeheim.de\/de\/wp-json\/wp\/v2\/pages\/1693","targetHints":{"allow":["GET"]}}],"collection":[{"href":"https:\/\/altenpflege-pflegeheim.de\/de\/wp-json\/wp\/v2\/pages"}],"about":[{"href":"https:\/\/altenpflege-pflegeheim.de\/de\/wp-json\/wp\/v2\/types\/page"}],"author":[{"embeddable":true,"href":"https:\/\/altenpflege-pflegeheim.de\/de\/wp-json\/wp\/v2\/users\/4"}],"replies":[{"embeddable":true,"href":"https:\/\/altenpflege-pflegeheim.de\/de\/wp-json\/wp\/v2\/comments?post=1693"}],"version-history":[{"count":0,"href":"https:\/\/altenpflege-pflegeheim.de\/de\/wp-json\/wp\/v2\/pages\/1693\/revisions"}],"wp:featuredmedia":[{"embeddable":true,"href":"https:\/\/altenpflege-pflegeheim.de\/de\/wp-json\/wp\/v2\/media\/1694"}],"wp:attachment":[{"href":"https:\/\/altenpflege-pflegeheim.de\/de\/wp-json\/wp\/v2\/media?parent=1693"}],"curies":[{"name":"wp","href":"https:\/\/api.w.org\/{rel}","templated":true}]}}