{"id":1687,"date":"2015-01-13T16:52:10","date_gmt":"2015-01-13T16:52:10","guid":{"rendered":"http:\/\/altenpflege-pflegeheim.de\/de\/?page_id=1687"},"modified":"2016-01-24T08:10:54","modified_gmt":"2016-01-24T08:10:54","slug":"pflegezusatzversicherung-vergleich","status":"publish","type":"page","link":"https:\/\/altenpflege-pflegeheim.de\/de\/pflegezusatzversicherung-vergleich\/","title":{"rendered":"Pflegezusatzversicherung Vergleich"},"content":{"rendered":"<p>Auch bei Pflegezusatzversicherung lohnt sich der Vergleich.<\/p>\n<h2>Ab wann lohnt sich eigentlich eine Pflegezusatzversicherung?<\/h2>\n<p>Jeder, der gesetzlich versichert ist, zahlt auch in die Pflegeversicherung ein, aber das reicht in der Regel nicht aus. Eine Pflegeversicherung soll eine Absicherung der im Alter auftretenden Risiken absichern, aber hier kommt es zu Kostenl\u00fccken, welche nach Pflegestufen definiert werden. Es handelt sich also um eine Art Differenz zwischen gesetzlicher Pflegeversicherung und den tats\u00e4chlich im Pflegefall anfallenden Kosten.<\/p>\n<p><a href=\"http:\/\/altenpflege-pflegeheim.de\/de\/vergleich-pflegeversicherungen\/\">Pflegezusatzversicherung Vergleich<\/a><\/p>\n<iframe loading=\"lazy\" src=\"https:\/\/a.partner-versicherung.de\/click.php?partner_id=58515&ad_id=1082&insurance_id=35\" width=\"515\" height=\"1000\" name=\"vergleich\" marginwidth=0 marginheight=0 border=\"0\" frameborder=\"0\" scrolling=\"no\"><\/iframe>\r\n\n<h2>Pflegezusatzversicherung und Modelle<\/h2>\n<p>Es gibt sich gut etablierte Modelle der Pflegezusatzversicherung. Einmal geht es dabei um das sogenannte Tagegeld f\u00fcr die Pflege und die Pflegekostenversicherung. Die Pflegekostenversicherung hat den Zweck, alle auftretenden Kostenl\u00fccken abzudecken, dabei kommt es allerdings auch auf den Beitrag an. Bei dem Modell Pflegetagegeld wird gem\u00e4\u00df, der im Vorfeld bestimmten Pflegestufe, der entsprechende Tagessatz gezahlt.<br \/>\nEin weiteres Modell ist die gef\u00f6rderte Pflegezusatzversicherung, die mit der Pflegereform aus 2013 in Kraft getreten ist. Die sogenannte Pflege-Bahr aus dem Pflegeneuausrichtungsgesetz soll das Risiko aus finanzieller Sicht gesehen absichern und somit als ein Anreiz dienen. Im eigentlichen Sinn geht es darum, dem Versicherungsnehmer bei einer Mindesteinzahlungssumme von 10 Euro im Monat, einen zus\u00e4tzlichen Bonus von 5 Euro auszuzahlen. Der Leistungsumfang bei diesem Modell beschr\u00e4nkt sich hierbei aber nur auf das schon genannte Pflegetagegeld. Zu bedenken ist auch, dass die Leistungen der Pflege-Bahr eigentlich nicht ausreichen, um eine absolute Abdeckung der Kostenl\u00fccke im akuten Pflegefall abzusichern.<\/p>\n<h2>Pflegezusatzversicherung Vergleich und auf was vor Abschluss geachtet werden muss.<\/h2>\n<p>Grunds\u00e4tzlich gilt auch f\u00fcr diese Versicherungsvariante, dass im Vorfeld ein Vergleich durchzuf\u00fchren ist. Sicher ist aber auch in diesem Zusammengang, dass die Versicherungsnehmer sich \u00fcber ihre pers\u00f6nliche Pr\u00e4ferenz klar sein m\u00fcssen.<br \/>\nKundig gemacht werden sollte sich \u00fcber die bestehenden Tarife der Pflegezusatzversicherung und was im eigentlichen Sinn \u00fcberhaupt abgesichert sein sollte. Weiterhin steht die Frage im Raum, wie gro\u00df die Versorgungsl\u00fccke m Pflegenotfall denn eigentlich ist.<\/p>\n<h2>Selektion und Darstellung der einzelnen Tarife<\/h2>\n<p>Die genannten pers\u00f6nlichen Pr\u00e4ferenzen sollten nur eine kleine Anregung sein und bezugnehmend auf die sich darstellenden Fragen in Bezug auf den Fakt des Vergleiches einer Pflegezusatzversicherung. Die \u00dcberlegungen sind von gro\u00dfer Notwendigkeit, denn nur so kann eine gute Pflegezusatzversicherung im Tarifdschungel herausgefunden sind.<br \/>\nEinen so genannten Teilkaskocharakter sollte eine Pflegezusatzversicherung auf gar keinen Fall aufweisen, sie sollte eher alle pers\u00f6nlichen Bed\u00fcrfnisse der Versicherungsnehmer im hohen Ma\u00dfe absichern. Darauf muss explizit beim <strong>Pflegeversicherung Vergleich<\/strong> geachtet werden.<\/p>\n<h2>Pflegezusatzversicherungen vergleichen lohnt sich immer!<\/h2>\n<p>Die Modelle haben den Vorteil, dass die Personen, die sich pflegezusatzversichern wollen, eigenst\u00e4ndig entscheiden k\u00f6nnen, wie sie und im welchen Umfang sie gepflegt werden wollen. Bevor sich die Versicherungsnehmer nun f\u00fcr eine solche Versicherungsvariante entscheiden, sollte ein Vergleich der unterschiedlich angebotenen Versicherungen durchgef\u00fchrt werden. Ein Vergleich ist auf zahlreichen Versicherungsportalen im Internet kostenlos und unverbindlich ganz einfach und schnell durchf\u00fchrbar. Danach wird sich f\u00fcr jeden potentiellen Versicherung auch die richtige Pflegezusatzversicherung gefunden haben.<\/p>\n<p>[youtube_sc url=&#8220;https:\/\/www.youtube.com\/watch?v=ajI5rj2fRWs&#8220; title=&#8220;Pflegezusatzversicherung%20Vergleich&#8220;]<\/p>\n","protected":false},"excerpt":{"rendered":"<p>Auch bei Pflegezusatzversicherung lohnt sich der Vergleich. Ab wann lohnt sich eigentlich eine Pflegezusatzversicherung? Jeder, der gesetzlich versichert ist, zahlt auch in die Pflegeversicherung ein, aber das reicht in der Regel nicht aus. Eine Pflegeversicherung soll eine Absicherung der im Alter auftretenden Risiken absichern, aber hier kommt es zu Kostenl\u00fccken, welche nach Pflegestufen definiert werden. [&hellip;]<\/p>\n","protected":false},"author":4,"featured_media":1691,"parent":0,"menu_order":0,"comment_status":"closed","ping_status":"closed","template":"","meta":{"site-sidebar-layout":"default","site-content-layout":"","ast-site-content-layout":"default","site-content-style":"default","site-sidebar-style":"default","ast-global-header-display":"","ast-banner-title-visibility":"","ast-main-header-display":"","ast-hfb-above-header-display":"","ast-hfb-below-header-display":"","ast-hfb-mobile-header-display":"","site-post-title":"","ast-breadcrumbs-content":"","ast-featured-img":"","footer-sml-layout":"","ast-disable-related-posts":"","theme-transparent-header-meta":"","adv-header-id-meta":"","stick-header-meta":"","header-above-stick-meta":"","header-main-stick-meta":"","header-below-stick-meta":"","astra-migrate-meta-layouts":"default","ast-page-background-enabled":"default","ast-page-background-meta":{"desktop":{"background-color":"","background-image":"","background-repeat":"repeat","background-position":"center center","background-size":"auto","background-attachment":"scroll","background-type":"","background-media":"","overlay-type":"","overlay-color":"","overlay-opacity":"","overlay-gradient":""},"tablet":{"background-color":"","background-image":"","background-repeat":"repeat","background-position":"center center","background-size":"auto","background-attachment":"scroll","background-type":"","background-media":"","overlay-type":"","overlay-color":"","overlay-opacity":"","overlay-gradient":""},"mobile":{"background-color":"","background-image":"","background-repeat":"repeat","background-position":"center center","background-size":"auto","background-attachment":"scroll","background-type":"","background-media":"","overlay-type":"","overlay-color":"","overlay-opacity":"","overlay-gradient":""}},"ast-content-background-meta":{"desktop":{"background-color":"var(--ast-global-color-5)","background-image":"","background-repeat":"repeat","background-position":"center center","background-size":"auto","background-attachment":"scroll","background-type":"","background-media":"","overlay-type":"","overlay-color":"","overlay-opacity":"","overlay-gradient":""},"tablet":{"background-color":"var(--ast-global-color-5)","background-image":"","background-repeat":"repeat","background-position":"center center","background-size":"auto","background-attachment":"scroll","background-type":"","background-media":"","overlay-type":"","overlay-color":"","overlay-opacity":"","overlay-gradient":""},"mobile":{"background-color":"var(--ast-global-color-5)","background-image":"","background-repeat":"repeat","background-position":"center center","background-size":"auto","background-attachment":"scroll","background-type":"","background-media":"","overlay-type":"","overlay-color":"","overlay-opacity":"","overlay-gradient":""}},"footnotes":""},"class_list":["post-1687","page","type-page","status-publish","has-post-thumbnail","hentry"],"yoast_head":"<!-- This site is optimized with the Yoast SEO plugin v26.9 - https:\/\/yoast.com\/product\/yoast-seo-wordpress\/ -->\n<title>Pflegezusatzversicherung Vergleich - Altenheime Blog<\/title>\n<meta name=\"robots\" content=\"index, follow, max-snippet:-1, max-image-preview:large, max-video-preview:-1\" \/>\n<link rel=\"canonical\" href=\"https:\/\/altenpflege-pflegeheim.de\/de\/pflegezusatzversicherung-vergleich\/\" \/>\n<meta property=\"og:locale\" content=\"de_DE\" \/>\n<meta property=\"og:type\" content=\"article\" \/>\n<meta property=\"og:title\" content=\"Pflegezusatzversicherung Vergleich - Altenheime Blog\" \/>\n<meta property=\"og:description\" content=\"Auch bei Pflegezusatzversicherung lohnt sich der Vergleich. Ab wann lohnt sich eigentlich eine Pflegezusatzversicherung? Jeder, der gesetzlich versichert ist, zahlt auch in die Pflegeversicherung ein, aber das reicht in der Regel nicht aus. Eine Pflegeversicherung soll eine Absicherung der im Alter auftretenden Risiken absichern, aber hier kommt es zu Kostenl\u00fccken, welche nach Pflegestufen definiert werden. [&hellip;]\" \/>\n<meta property=\"og:url\" content=\"https:\/\/altenpflege-pflegeheim.de\/de\/pflegezusatzversicherung-vergleich\/\" \/>\n<meta property=\"og:site_name\" content=\"Altenheime Blog\" \/>\n<meta property=\"article:modified_time\" content=\"2016-01-24T08:10:54+00:00\" \/>\n<meta property=\"og:image\" content=\"https:\/\/altenpflege-pflegeheim.de\/de\/wp-content\/uploads\/2015\/01\/Pflegezusatzversicherung-Vergleich.jpg\" \/>\n\t<meta property=\"og:image:width\" content=\"747\" \/>\n\t<meta property=\"og:image:height\" content=\"356\" \/>\n\t<meta property=\"og:image:type\" content=\"image\/jpeg\" \/>\n<meta name=\"twitter:label1\" content=\"Gesch\u00e4tzte Lesezeit\" \/>\n\t<meta name=\"twitter:data1\" content=\"3\u00a0Minuten\" \/>\n<script type=\"application\/ld+json\" class=\"yoast-schema-graph\">{\"@context\":\"https:\/\/schema.org\",\"@graph\":[{\"@type\":\"WebPage\",\"@id\":\"https:\/\/altenpflege-pflegeheim.de\/de\/pflegezusatzversicherung-vergleich\/\",\"url\":\"https:\/\/altenpflege-pflegeheim.de\/de\/pflegezusatzversicherung-vergleich\/\",\"name\":\"Pflegezusatzversicherung Vergleich - Altenheime Blog\",\"isPartOf\":{\"@id\":\"https:\/\/altenpflege-pflegeheim.de\/de\/#website\"},\"primaryImageOfPage\":{\"@id\":\"https:\/\/altenpflege-pflegeheim.de\/de\/pflegezusatzversicherung-vergleich\/#primaryimage\"},\"image\":{\"@id\":\"https:\/\/altenpflege-pflegeheim.de\/de\/pflegezusatzversicherung-vergleich\/#primaryimage\"},\"thumbnailUrl\":\"https:\/\/altenpflege-pflegeheim.de\/de\/wp-content\/uploads\/2015\/01\/Pflegezusatzversicherung-Vergleich.jpg\",\"datePublished\":\"2015-01-13T16:52:10+00:00\",\"dateModified\":\"2016-01-24T08:10:54+00:00\",\"breadcrumb\":{\"@id\":\"https:\/\/altenpflege-pflegeheim.de\/de\/pflegezusatzversicherung-vergleich\/#breadcrumb\"},\"inLanguage\":\"de\",\"potentialAction\":[{\"@type\":\"ReadAction\",\"target\":[\"https:\/\/altenpflege-pflegeheim.de\/de\/pflegezusatzversicherung-vergleich\/\"]}]},{\"@type\":\"ImageObject\",\"inLanguage\":\"de\",\"@id\":\"https:\/\/altenpflege-pflegeheim.de\/de\/pflegezusatzversicherung-vergleich\/#primaryimage\",\"url\":\"https:\/\/altenpflege-pflegeheim.de\/de\/wp-content\/uploads\/2015\/01\/Pflegezusatzversicherung-Vergleich.jpg\",\"contentUrl\":\"https:\/\/altenpflege-pflegeheim.de\/de\/wp-content\/uploads\/2015\/01\/Pflegezusatzversicherung-Vergleich.jpg\",\"width\":747,\"height\":356},{\"@type\":\"BreadcrumbList\",\"@id\":\"https:\/\/altenpflege-pflegeheim.de\/de\/pflegezusatzversicherung-vergleich\/#breadcrumb\",\"itemListElement\":[{\"@type\":\"ListItem\",\"position\":1,\"name\":\"Home\",\"item\":\"https:\/\/altenpflege-pflegeheim.de\/de\/\"},{\"@type\":\"ListItem\",\"position\":2,\"name\":\"Pflegezusatzversicherung Vergleich\"}]},{\"@type\":\"WebSite\",\"@id\":\"https:\/\/altenpflege-pflegeheim.de\/de\/#website\",\"url\":\"https:\/\/altenpflege-pflegeheim.de\/de\/\",\"name\":\"Altenheime Blog\",\"description\":\"\",\"potentialAction\":[{\"@type\":\"SearchAction\",\"target\":{\"@type\":\"EntryPoint\",\"urlTemplate\":\"https:\/\/altenpflege-pflegeheim.de\/de\/?s={search_term_string}\"},\"query-input\":{\"@type\":\"PropertyValueSpecification\",\"valueRequired\":true,\"valueName\":\"search_term_string\"}}],\"inLanguage\":\"de\"}]}<\/script>\n<!-- \/ Yoast SEO plugin. -->","yoast_head_json":{"title":"Pflegezusatzversicherung Vergleich - Altenheime Blog","robots":{"index":"index","follow":"follow","max-snippet":"max-snippet:-1","max-image-preview":"max-image-preview:large","max-video-preview":"max-video-preview:-1"},"canonical":"https:\/\/altenpflege-pflegeheim.de\/de\/pflegezusatzversicherung-vergleich\/","og_locale":"de_DE","og_type":"article","og_title":"Pflegezusatzversicherung Vergleich - Altenheime Blog","og_description":"Auch bei Pflegezusatzversicherung lohnt sich der Vergleich. Ab wann lohnt sich eigentlich eine Pflegezusatzversicherung? Jeder, der gesetzlich versichert ist, zahlt auch in die Pflegeversicherung ein, aber das reicht in der Regel nicht aus. Eine Pflegeversicherung soll eine Absicherung der im Alter auftretenden Risiken absichern, aber hier kommt es zu Kostenl\u00fccken, welche nach Pflegestufen definiert werden. [&hellip;]","og_url":"https:\/\/altenpflege-pflegeheim.de\/de\/pflegezusatzversicherung-vergleich\/","og_site_name":"Altenheime Blog","article_modified_time":"2016-01-24T08:10:54+00:00","og_image":[{"width":747,"height":356,"url":"https:\/\/altenpflege-pflegeheim.de\/de\/wp-content\/uploads\/2015\/01\/Pflegezusatzversicherung-Vergleich.jpg","type":"image\/jpeg"}],"twitter_misc":{"Gesch\u00e4tzte Lesezeit":"3\u00a0Minuten"},"schema":{"@context":"https:\/\/schema.org","@graph":[{"@type":"WebPage","@id":"https:\/\/altenpflege-pflegeheim.de\/de\/pflegezusatzversicherung-vergleich\/","url":"https:\/\/altenpflege-pflegeheim.de\/de\/pflegezusatzversicherung-vergleich\/","name":"Pflegezusatzversicherung Vergleich - Altenheime Blog","isPartOf":{"@id":"https:\/\/altenpflege-pflegeheim.de\/de\/#website"},"primaryImageOfPage":{"@id":"https:\/\/altenpflege-pflegeheim.de\/de\/pflegezusatzversicherung-vergleich\/#primaryimage"},"image":{"@id":"https:\/\/altenpflege-pflegeheim.de\/de\/pflegezusatzversicherung-vergleich\/#primaryimage"},"thumbnailUrl":"https:\/\/altenpflege-pflegeheim.de\/de\/wp-content\/uploads\/2015\/01\/Pflegezusatzversicherung-Vergleich.jpg","datePublished":"2015-01-13T16:52:10+00:00","dateModified":"2016-01-24T08:10:54+00:00","breadcrumb":{"@id":"https:\/\/altenpflege-pflegeheim.de\/de\/pflegezusatzversicherung-vergleich\/#breadcrumb"},"inLanguage":"de","potentialAction":[{"@type":"ReadAction","target":["https:\/\/altenpflege-pflegeheim.de\/de\/pflegezusatzversicherung-vergleich\/"]}]},{"@type":"ImageObject","inLanguage":"de","@id":"https:\/\/altenpflege-pflegeheim.de\/de\/pflegezusatzversicherung-vergleich\/#primaryimage","url":"https:\/\/altenpflege-pflegeheim.de\/de\/wp-content\/uploads\/2015\/01\/Pflegezusatzversicherung-Vergleich.jpg","contentUrl":"https:\/\/altenpflege-pflegeheim.de\/de\/wp-content\/uploads\/2015\/01\/Pflegezusatzversicherung-Vergleich.jpg","width":747,"height":356},{"@type":"BreadcrumbList","@id":"https:\/\/altenpflege-pflegeheim.de\/de\/pflegezusatzversicherung-vergleich\/#breadcrumb","itemListElement":[{"@type":"ListItem","position":1,"name":"Home","item":"https:\/\/altenpflege-pflegeheim.de\/de\/"},{"@type":"ListItem","position":2,"name":"Pflegezusatzversicherung Vergleich"}]},{"@type":"WebSite","@id":"https:\/\/altenpflege-pflegeheim.de\/de\/#website","url":"https:\/\/altenpflege-pflegeheim.de\/de\/","name":"Altenheime Blog","description":"","potentialAction":[{"@type":"SearchAction","target":{"@type":"EntryPoint","urlTemplate":"https:\/\/altenpflege-pflegeheim.de\/de\/?s={search_term_string}"},"query-input":{"@type":"PropertyValueSpecification","valueRequired":true,"valueName":"search_term_string"}}],"inLanguage":"de"}]}},"_links":{"self":[{"href":"https:\/\/altenpflege-pflegeheim.de\/de\/wp-json\/wp\/v2\/pages\/1687","targetHints":{"allow":["GET"]}}],"collection":[{"href":"https:\/\/altenpflege-pflegeheim.de\/de\/wp-json\/wp\/v2\/pages"}],"about":[{"href":"https:\/\/altenpflege-pflegeheim.de\/de\/wp-json\/wp\/v2\/types\/page"}],"author":[{"embeddable":true,"href":"https:\/\/altenpflege-pflegeheim.de\/de\/wp-json\/wp\/v2\/users\/4"}],"replies":[{"embeddable":true,"href":"https:\/\/altenpflege-pflegeheim.de\/de\/wp-json\/wp\/v2\/comments?post=1687"}],"version-history":[{"count":0,"href":"https:\/\/altenpflege-pflegeheim.de\/de\/wp-json\/wp\/v2\/pages\/1687\/revisions"}],"wp:featuredmedia":[{"embeddable":true,"href":"https:\/\/altenpflege-pflegeheim.de\/de\/wp-json\/wp\/v2\/media\/1691"}],"wp:attachment":[{"href":"https:\/\/altenpflege-pflegeheim.de\/de\/wp-json\/wp\/v2\/media?parent=1687"}],"curies":[{"name":"wp","href":"https:\/\/api.w.org\/{rel}","templated":true}]}}