{"id":1674,"date":"2015-01-13T16:35:53","date_gmt":"2015-01-13T16:35:53","guid":{"rendered":"http:\/\/altenpflege-pflegeheim.de\/de\/?page_id=1674"},"modified":"2020-12-09T06:48:04","modified_gmt":"2020-12-09T05:48:04","slug":"pflegezusatzversicherung-ein-wichtiger-bestandteil-der-privaten-vorsorge","status":"publish","type":"page","link":"https:\/\/altenpflege-pflegeheim.de\/de\/pflegezusatzversicherung-ein-wichtiger-bestandteil-der-privaten-vorsorge\/","title":{"rendered":"Pflegezusatzversicherung- ein wichtiger Bestandteil der privaten Vorsorge"},"content":{"rendered":"<p>Das Heim f\u00fcr Oma oder Opa wurde gefunden. Das Altenheim ist wunderbar im Gr\u00fcnen gelegen, das Personal ist freundlich und die Bewertung im Online-Portal ist sehr gut. Aber so etwas kostet auch einen erheblichen Betrag an Heimkosten, jeden Monat zus\u00e4tzliches Geld.<\/p>\n<h2>Pflegeversicherung deckt nur die Standardversorgung<\/h2>\n<p>Das gesetzliche Rentenniveau sinkt immer weiter f\u00fcr die k\u00fcnftigen Generationen und die gesetzliche Pflegeversicherung deckt auch nur eine minimale Standardversorgung ab.<\/p>\n<p><iframe loading=\"lazy\" src=\"https:\/\/a.partner-versicherung.de\/click.php?partner_id=58515&ad_id=1082&insurance_id=35\" width=\"515\" height=\"1000\" name=\"vergleich\" marginwidth=0 marginheight=0 border=\"0\" frameborder=\"0\" scrolling=\"no\"><\/iframe>\r\n<br \/>\nEine private Pflegezusatzversicherung ist hier ein sehr wichtiger Baustein f\u00fcr die Vorsorge und den Erhalt des Lebensstandards im Alter.<br \/>\nEinige wichtige Punkte f\u00fcr den Abschluss eines Vertrages sind nachstehend dazu aufgef\u00fchrt.<br \/>\nZun\u00e4chst sollte man sich fragen, wieviel Geld werde ich im Alter ben\u00f6tigen, wenn ich einmal ein Pflegefall werde? Egal, ob im Heim oder zu Hause, die Pflege kostet immer mehr als man denkt und die gesetzliche <a href=\"https:\/\/altenpflege-pflegeheim.de\/Such-Ergebnis\/Neue-zuerst.html?searchphrase=all&amp;searchword=pflegeversicherung\">Pflegeversicherung<\/a> trotz der vorgenommenen Verbesserung zahlt.<br \/>\nDanach ist Recherchearbeit angesagt, denn es gibt viele Versicherungsangebote auf dem Markt.<br \/>\nNotwendig ist f\u00fcr den Versicherten festzulegen, m\u00f6chte ich die Leistungen als eine monatliche Pflegerente oder ein Pflegetagegeld erhalten? Beide Varianten sind m\u00f6glich.<br \/>\nEntscheidend ist auch, wann bin ich denn f\u00fcr die Versicherung pflegebed\u00fcrftig und damit berechtigt, Leistungen aus dem privaten Vertrag zu beanspruchen. G\u00fcnstig und allgemein durchgesetzt hat sich hier in der Praxis, dass der Anbieter auf die Gutachten des medizinischen Dienstes der gesetzlichen Krankenkassen zur\u00fcckgreift und die Einstufung in die Pflegestufen\/ Pflegegrade ohne neue und zus\u00e4tzliche Begutachtung \u00fcbernimmt. Aber nicht alle privaten Anbieter verfahren so.<br \/>\nUnd nat\u00fcrlich ist die \u00dcbernahme der Ergebnisse der Gutachter der gesetzlichen Krankenversicherung auch bei H\u00f6herstufung in Pflegestufe\/Pflegegrad sehr wichtig.<br \/>\nAuch wenn jetzt die Einteilung in Pflegegrade Erkrankungen wie z.B. Demenz st\u00e4rker ber\u00fccksichtigt, sollte ein Blick auf die Leistungen in diesen Fall geworfen und ggf. als Vertragsbestandteil erg\u00e4nzt werden.<br \/>\nEine andere wichtige Frage bei einer privaten Pflegezusatzversicherung ist nat\u00fcrlich auch das Problem der Dynamisierung der Leistungen und damit der Beitr\u00e4ge. Keiner kann sagen, wie lange die Preissteigerungsrate so niedrig bleibt wie heute. Eine private Pflegezusatzversicherung l\u00e4uft in der Regel \u00fcber einen Zeitraum von Jahrzehnten und hier sollte man schon \u00fcber eine Anpassung nachdenken.<br \/>\nAuch eine unb\u00fcrokratische Auszahlung ohne lange Wartezeiten ist ein Punkt, der selbstverst\u00e4ndlich sein sollte, aber trotzdem gepr\u00fcft werden muss.<br \/>\nEin ganz wichtiger Punkt im Vertrag ist auch die Einstellung der Beitragszahlungen im Leistungsfall.<br \/>\nUnd was passiert, wenn ich \u00fcberhaupt nicht pflegebed\u00fcrftig werde? Dann zahlt eine gute Pflegezusatzversicherung einen Teil der Summe an die Hinterbliebenen aus. Darauf sollte man bei einem Vertragsabschluss auch stets achten.<\/p>\n<p>https:\/\/www.youtube.com\/watch?v=96y7P-ayBKI<\/p>\n","protected":false},"excerpt":{"rendered":"<p>Das Heim f\u00fcr Oma oder Opa wurde gefunden. Das Altenheim ist wunderbar im Gr\u00fcnen gelegen, das Personal ist freundlich und die Bewertung im Online-Portal ist sehr gut. Aber so etwas kostet auch einen erheblichen Betrag an Heimkosten, jeden Monat zus\u00e4tzliches Geld. Pflegeversicherung deckt nur die Standardversorgung Das gesetzliche Rentenniveau sinkt immer weiter f\u00fcr die k\u00fcnftigen [&hellip;]<\/p>\n","protected":false},"author":4,"featured_media":1677,"parent":0,"menu_order":0,"comment_status":"closed","ping_status":"closed","template":"","meta":{"site-sidebar-layout":"default","site-content-layout":"default","ast-site-content-layout":"default","site-content-style":"default","site-sidebar-style":"default","ast-global-header-display":"","ast-banner-title-visibility":"","ast-main-header-display":"","ast-hfb-above-header-display":"","ast-hfb-below-header-display":"","ast-hfb-mobile-header-display":"","site-post-title":"","ast-breadcrumbs-content":"","ast-featured-img":"","footer-sml-layout":"","ast-disable-related-posts":"","theme-transparent-header-meta":"default","adv-header-id-meta":"","stick-header-meta":"","header-above-stick-meta":"","header-main-stick-meta":"","header-below-stick-meta":"","astra-migrate-meta-layouts":"default","ast-page-background-enabled":"default","ast-page-background-meta":{"desktop":{"background-color":"","background-image":"","background-repeat":"repeat","background-position":"center center","background-size":"auto","background-attachment":"scroll","background-type":"","background-media":"","overlay-type":"","overlay-color":"","overlay-opacity":"","overlay-gradient":""},"tablet":{"background-color":"","background-image":"","background-repeat":"repeat","background-position":"center center","background-size":"auto","background-attachment":"scroll","background-type":"","background-media":"","overlay-type":"","overlay-color":"","overlay-opacity":"","overlay-gradient":""},"mobile":{"background-color":"","background-image":"","background-repeat":"repeat","background-position":"center center","background-size":"auto","background-attachment":"scroll","background-type":"","background-media":"","overlay-type":"","overlay-color":"","overlay-opacity":"","overlay-gradient":""}},"ast-content-background-meta":{"desktop":{"background-color":"var(--ast-global-color-5)","background-image":"","background-repeat":"repeat","background-position":"center center","background-size":"auto","background-attachment":"scroll","background-type":"","background-media":"","overlay-type":"","overlay-color":"","overlay-opacity":"","overlay-gradient":""},"tablet":{"background-color":"var(--ast-global-color-5)","background-image":"","background-repeat":"repeat","background-position":"center center","background-size":"auto","background-attachment":"scroll","background-type":"","background-media":"","overlay-type":"","overlay-color":"","overlay-opacity":"","overlay-gradient":""},"mobile":{"background-color":"var(--ast-global-color-5)","background-image":"","background-repeat":"repeat","background-position":"center center","background-size":"auto","background-attachment":"scroll","background-type":"","background-media":"","overlay-type":"","overlay-color":"","overlay-opacity":"","overlay-gradient":""}},"footnotes":""},"class_list":["post-1674","page","type-page","status-publish","has-post-thumbnail","hentry"],"yoast_head":"<!-- This site is optimized with the Yoast SEO plugin v27.5 - https:\/\/yoast.com\/product\/yoast-seo-wordpress\/ -->\n<title>Pflegezusatzversicherung- ein wichtiger Bestandteil der privaten Vorsorge - Altenheime Blog<\/title>\n<meta name=\"robots\" content=\"index, follow, max-snippet:-1, max-image-preview:large, max-video-preview:-1\" \/>\n<link rel=\"canonical\" href=\"https:\/\/altenpflege-pflegeheim.de\/de\/pflegezusatzversicherung-ein-wichtiger-bestandteil-der-privaten-vorsorge\/\" \/>\n<meta property=\"og:locale\" content=\"de_DE\" \/>\n<meta property=\"og:type\" content=\"article\" \/>\n<meta property=\"og:title\" content=\"Pflegezusatzversicherung- ein wichtiger Bestandteil der privaten Vorsorge - Altenheime Blog\" \/>\n<meta property=\"og:description\" content=\"Das Heim f\u00fcr Oma oder Opa wurde gefunden. Das Altenheim ist wunderbar im Gr\u00fcnen gelegen, das Personal ist freundlich und die Bewertung im Online-Portal ist sehr gut. Aber so etwas kostet auch einen erheblichen Betrag an Heimkosten, jeden Monat zus\u00e4tzliches Geld. Pflegeversicherung deckt nur die Standardversorgung Das gesetzliche Rentenniveau sinkt immer weiter f\u00fcr die k\u00fcnftigen [&hellip;]\" \/>\n<meta property=\"og:url\" content=\"https:\/\/altenpflege-pflegeheim.de\/de\/pflegezusatzversicherung-ein-wichtiger-bestandteil-der-privaten-vorsorge\/\" \/>\n<meta property=\"og:site_name\" content=\"Altenheime Blog\" \/>\n<meta property=\"article:modified_time\" content=\"2020-12-09T05:48:04+00:00\" \/>\n<meta property=\"og:image\" content=\"https:\/\/altenpflege-pflegeheim.de\/de\/wp-content\/uploads\/2015\/01\/Pflegezusatzversicherung.jpg\" \/>\n\t<meta property=\"og:image:width\" content=\"747\" \/>\n\t<meta property=\"og:image:height\" content=\"356\" \/>\n\t<meta property=\"og:image:type\" content=\"image\/jpeg\" \/>\n<meta name=\"twitter:label1\" content=\"Gesch\u00e4tzte Lesezeit\" \/>\n\t<meta name=\"twitter:data1\" content=\"2\u00a0Minuten\" \/>\n<script type=\"application\/ld+json\" class=\"yoast-schema-graph\">{\"@context\":\"https:\\\/\\\/schema.org\",\"@graph\":[{\"@type\":\"WebPage\",\"@id\":\"https:\\\/\\\/altenpflege-pflegeheim.de\\\/de\\\/pflegezusatzversicherung-ein-wichtiger-bestandteil-der-privaten-vorsorge\\\/\",\"url\":\"https:\\\/\\\/altenpflege-pflegeheim.de\\\/de\\\/pflegezusatzversicherung-ein-wichtiger-bestandteil-der-privaten-vorsorge\\\/\",\"name\":\"Pflegezusatzversicherung- ein wichtiger Bestandteil der privaten Vorsorge - Altenheime Blog\",\"isPartOf\":{\"@id\":\"https:\\\/\\\/altenpflege-pflegeheim.de\\\/de\\\/#website\"},\"primaryImageOfPage\":{\"@id\":\"https:\\\/\\\/altenpflege-pflegeheim.de\\\/de\\\/pflegezusatzversicherung-ein-wichtiger-bestandteil-der-privaten-vorsorge\\\/#primaryimage\"},\"image\":{\"@id\":\"https:\\\/\\\/altenpflege-pflegeheim.de\\\/de\\\/pflegezusatzversicherung-ein-wichtiger-bestandteil-der-privaten-vorsorge\\\/#primaryimage\"},\"thumbnailUrl\":\"https:\\\/\\\/altenpflege-pflegeheim.de\\\/de\\\/wp-content\\\/uploads\\\/2015\\\/01\\\/Pflegezusatzversicherung.jpg\",\"datePublished\":\"2015-01-13T16:35:53+00:00\",\"dateModified\":\"2020-12-09T05:48:04+00:00\",\"breadcrumb\":{\"@id\":\"https:\\\/\\\/altenpflege-pflegeheim.de\\\/de\\\/pflegezusatzversicherung-ein-wichtiger-bestandteil-der-privaten-vorsorge\\\/#breadcrumb\"},\"inLanguage\":\"de\",\"potentialAction\":[{\"@type\":\"ReadAction\",\"target\":[\"https:\\\/\\\/altenpflege-pflegeheim.de\\\/de\\\/pflegezusatzversicherung-ein-wichtiger-bestandteil-der-privaten-vorsorge\\\/\"]}]},{\"@type\":\"ImageObject\",\"inLanguage\":\"de\",\"@id\":\"https:\\\/\\\/altenpflege-pflegeheim.de\\\/de\\\/pflegezusatzversicherung-ein-wichtiger-bestandteil-der-privaten-vorsorge\\\/#primaryimage\",\"url\":\"https:\\\/\\\/altenpflege-pflegeheim.de\\\/de\\\/wp-content\\\/uploads\\\/2015\\\/01\\\/Pflegezusatzversicherung.jpg\",\"contentUrl\":\"https:\\\/\\\/altenpflege-pflegeheim.de\\\/de\\\/wp-content\\\/uploads\\\/2015\\\/01\\\/Pflegezusatzversicherung.jpg\",\"width\":747,\"height\":356},{\"@type\":\"BreadcrumbList\",\"@id\":\"https:\\\/\\\/altenpflege-pflegeheim.de\\\/de\\\/pflegezusatzversicherung-ein-wichtiger-bestandteil-der-privaten-vorsorge\\\/#breadcrumb\",\"itemListElement\":[{\"@type\":\"ListItem\",\"position\":1,\"name\":\"Home\",\"item\":\"https:\\\/\\\/altenpflege-pflegeheim.de\\\/de\\\/\"},{\"@type\":\"ListItem\",\"position\":2,\"name\":\"Pflegezusatzversicherung- ein wichtiger Bestandteil der privaten Vorsorge\"}]},{\"@type\":\"WebSite\",\"@id\":\"https:\\\/\\\/altenpflege-pflegeheim.de\\\/de\\\/#website\",\"url\":\"https:\\\/\\\/altenpflege-pflegeheim.de\\\/de\\\/\",\"name\":\"Altenheime Blog\",\"description\":\"\",\"potentialAction\":[{\"@type\":\"SearchAction\",\"target\":{\"@type\":\"EntryPoint\",\"urlTemplate\":\"https:\\\/\\\/altenpflege-pflegeheim.de\\\/de\\\/?s={search_term_string}\"},\"query-input\":{\"@type\":\"PropertyValueSpecification\",\"valueRequired\":true,\"valueName\":\"search_term_string\"}}],\"inLanguage\":\"de\"}]}<\/script>\n<!-- \/ Yoast SEO plugin. -->","yoast_head_json":{"title":"Pflegezusatzversicherung- ein wichtiger Bestandteil der privaten Vorsorge - Altenheime Blog","robots":{"index":"index","follow":"follow","max-snippet":"max-snippet:-1","max-image-preview":"max-image-preview:large","max-video-preview":"max-video-preview:-1"},"canonical":"https:\/\/altenpflege-pflegeheim.de\/de\/pflegezusatzversicherung-ein-wichtiger-bestandteil-der-privaten-vorsorge\/","og_locale":"de_DE","og_type":"article","og_title":"Pflegezusatzversicherung- ein wichtiger Bestandteil der privaten Vorsorge - Altenheime Blog","og_description":"Das Heim f\u00fcr Oma oder Opa wurde gefunden. Das Altenheim ist wunderbar im Gr\u00fcnen gelegen, das Personal ist freundlich und die Bewertung im Online-Portal ist sehr gut. Aber so etwas kostet auch einen erheblichen Betrag an Heimkosten, jeden Monat zus\u00e4tzliches Geld. Pflegeversicherung deckt nur die Standardversorgung Das gesetzliche Rentenniveau sinkt immer weiter f\u00fcr die k\u00fcnftigen [&hellip;]","og_url":"https:\/\/altenpflege-pflegeheim.de\/de\/pflegezusatzversicherung-ein-wichtiger-bestandteil-der-privaten-vorsorge\/","og_site_name":"Altenheime Blog","article_modified_time":"2020-12-09T05:48:04+00:00","og_image":[{"width":747,"height":356,"url":"https:\/\/altenpflege-pflegeheim.de\/de\/wp-content\/uploads\/2015\/01\/Pflegezusatzversicherung.jpg","type":"image\/jpeg"}],"twitter_misc":{"Gesch\u00e4tzte Lesezeit":"2\u00a0Minuten"},"schema":{"@context":"https:\/\/schema.org","@graph":[{"@type":"WebPage","@id":"https:\/\/altenpflege-pflegeheim.de\/de\/pflegezusatzversicherung-ein-wichtiger-bestandteil-der-privaten-vorsorge\/","url":"https:\/\/altenpflege-pflegeheim.de\/de\/pflegezusatzversicherung-ein-wichtiger-bestandteil-der-privaten-vorsorge\/","name":"Pflegezusatzversicherung- ein wichtiger Bestandteil der privaten Vorsorge - Altenheime Blog","isPartOf":{"@id":"https:\/\/altenpflege-pflegeheim.de\/de\/#website"},"primaryImageOfPage":{"@id":"https:\/\/altenpflege-pflegeheim.de\/de\/pflegezusatzversicherung-ein-wichtiger-bestandteil-der-privaten-vorsorge\/#primaryimage"},"image":{"@id":"https:\/\/altenpflege-pflegeheim.de\/de\/pflegezusatzversicherung-ein-wichtiger-bestandteil-der-privaten-vorsorge\/#primaryimage"},"thumbnailUrl":"https:\/\/altenpflege-pflegeheim.de\/de\/wp-content\/uploads\/2015\/01\/Pflegezusatzversicherung.jpg","datePublished":"2015-01-13T16:35:53+00:00","dateModified":"2020-12-09T05:48:04+00:00","breadcrumb":{"@id":"https:\/\/altenpflege-pflegeheim.de\/de\/pflegezusatzversicherung-ein-wichtiger-bestandteil-der-privaten-vorsorge\/#breadcrumb"},"inLanguage":"de","potentialAction":[{"@type":"ReadAction","target":["https:\/\/altenpflege-pflegeheim.de\/de\/pflegezusatzversicherung-ein-wichtiger-bestandteil-der-privaten-vorsorge\/"]}]},{"@type":"ImageObject","inLanguage":"de","@id":"https:\/\/altenpflege-pflegeheim.de\/de\/pflegezusatzversicherung-ein-wichtiger-bestandteil-der-privaten-vorsorge\/#primaryimage","url":"https:\/\/altenpflege-pflegeheim.de\/de\/wp-content\/uploads\/2015\/01\/Pflegezusatzversicherung.jpg","contentUrl":"https:\/\/altenpflege-pflegeheim.de\/de\/wp-content\/uploads\/2015\/01\/Pflegezusatzversicherung.jpg","width":747,"height":356},{"@type":"BreadcrumbList","@id":"https:\/\/altenpflege-pflegeheim.de\/de\/pflegezusatzversicherung-ein-wichtiger-bestandteil-der-privaten-vorsorge\/#breadcrumb","itemListElement":[{"@type":"ListItem","position":1,"name":"Home","item":"https:\/\/altenpflege-pflegeheim.de\/de\/"},{"@type":"ListItem","position":2,"name":"Pflegezusatzversicherung- ein wichtiger Bestandteil der privaten Vorsorge"}]},{"@type":"WebSite","@id":"https:\/\/altenpflege-pflegeheim.de\/de\/#website","url":"https:\/\/altenpflege-pflegeheim.de\/de\/","name":"Altenheime Blog","description":"","potentialAction":[{"@type":"SearchAction","target":{"@type":"EntryPoint","urlTemplate":"https:\/\/altenpflege-pflegeheim.de\/de\/?s={search_term_string}"},"query-input":{"@type":"PropertyValueSpecification","valueRequired":true,"valueName":"search_term_string"}}],"inLanguage":"de"}]}},"_links":{"self":[{"href":"https:\/\/altenpflege-pflegeheim.de\/de\/wp-json\/wp\/v2\/pages\/1674","targetHints":{"allow":["GET"]}}],"collection":[{"href":"https:\/\/altenpflege-pflegeheim.de\/de\/wp-json\/wp\/v2\/pages"}],"about":[{"href":"https:\/\/altenpflege-pflegeheim.de\/de\/wp-json\/wp\/v2\/types\/page"}],"author":[{"embeddable":true,"href":"https:\/\/altenpflege-pflegeheim.de\/de\/wp-json\/wp\/v2\/users\/4"}],"replies":[{"embeddable":true,"href":"https:\/\/altenpflege-pflegeheim.de\/de\/wp-json\/wp\/v2\/comments?post=1674"}],"version-history":[{"count":2,"href":"https:\/\/altenpflege-pflegeheim.de\/de\/wp-json\/wp\/v2\/pages\/1674\/revisions"}],"predecessor-version":[{"id":1783,"href":"https:\/\/altenpflege-pflegeheim.de\/de\/wp-json\/wp\/v2\/pages\/1674\/revisions\/1783"}],"wp:featuredmedia":[{"embeddable":true,"href":"https:\/\/altenpflege-pflegeheim.de\/de\/wp-json\/wp\/v2\/media\/1677"}],"wp:attachment":[{"href":"https:\/\/altenpflege-pflegeheim.de\/de\/wp-json\/wp\/v2\/media?parent=1674"}],"curies":[{"name":"wp","href":"https:\/\/api.w.org\/{rel}","templated":true}]}}