{"id":1669,"date":"2015-01-13T16:33:19","date_gmt":"2015-01-13T16:33:19","guid":{"rendered":"http:\/\/altenpflege-pflegeheim.de\/de\/?page_id=1669"},"modified":"2015-01-13T16:34:27","modified_gmt":"2015-01-13T16:34:27","slug":"pflegestufen","status":"publish","type":"page","link":"https:\/\/altenpflege-pflegeheim.de\/de\/pflegestufen\/","title":{"rendered":"Pflegestufen"},"content":{"rendered":"<p>Menschen, die pflegebed\u00fcrftig sind, das hei\u00dft kranke oder behinderte Personen, die nicht mehr alleine im Alltag zurecht kommen, bekommen eine Pflege zugewiesen, die in verschiedene Stufen von Pflegebed\u00fcrftigkeit eingeteilt wird.<br \/>\nDie Krankheit oder Behinderung muss eine Sch\u00e4digung im Bewegungsapparat, in den inneren Organen oder im Nervensystem vorhanden sein.<br \/>\nDie Hilfe wird in die vier Bereiche K\u00f6rperpflege, Ern\u00e4hrung, Mobilit\u00e4t und hauswirtschaftliche Versorgung unterteilt. Zum Bereich K\u00f6rperpflege z\u00e4hlt Waschen, Duschen, Baden, Zahnpflege, K\u00e4mmen, Rasieren und Darm &#8211; bzw. Harnentlehrung. Zur Ern\u00e4hrung z\u00e4hlt mundgerechtes Zubereiten und Aufnahme der Nahrung. Unter den Bereich Mobilit\u00e4t f\u00e4llt selbst\u00e4ndiges Aufstehen und Zu-Bett-Gehen, An- und Auskleiden, Gehen, Stehen, Treppensteigen oder Verlassen und Wiederaufsuchen der Wohnung. Bei er hauswirtschaftlichen Versorgung muss eingekauft, gekocht, die Wohnung gereinigt werden, gesp\u00fclt, und die Kleidung gewaschen und gewechselt werden.<br \/>\nWie stark jemand hilfebed\u00fcrftig ist wird anhand von <a href=\"http:\/\/altenpflege-pflegeheim.de\/de\/?s=Pflegestufe\">Pflegestufen<\/a> beschrieben. Es wird in Pflegestufe eins, zwei und drei unterteilt, wobei die Nummer drei die St\u00e4rkste ist.<\/p>\n<h2>Pflegestufe 0<\/h2>\n<p>Es wird auch von einer Pflegestufe null gesprochen, wenn ein Hilfebedarf bei der Grundpflege n\u00f6tig ist, wie es zum Beispiel bei Demenzkranken der Fall ist.<br \/>\nDie Stufen werden eingeteilt in wie oft und zu welchen Tageszeiten die Hilfe beansprucht wird. Welche Pflegestufe n\u00f6tig ist, wird durch eine Pr\u00fcfung des medizinischen Dienst der Krankenversicherung vollzogen.<\/p>\n<h2>Pflegestufe 1<\/h2>\n<p>Die Pflegestufe eins ist eine erhebliche Pflegebed\u00fcrftigkeit, bei der die Grundpflege mindestens zu einer Tageszeit vollzogen werden muss. Der t\u00e4gliche Aufwand beansprucht mehr als 45 Minuten. Die Grundpflege muss mehrmals in der Woche beansprucht werden und der allgemeine Aufwand betr\u00e4gt mehr als 90 Minuten.<\/p>\n<h2>Pflegestufe 2<\/h2>\n<p>In der Pflegestufe zwei muss die Grundpflege an drei Tageszeiten vollzogen werden, die mindestens zwei Stunden dauert. Auch hier muss das mehrmals in der Woche geschehen und der durchschnittlicher Aufwand gesamt dauert mindestens drei Stunden.<\/p>\n<h2>Pflegestufe 3<\/h2>\n<p>In der Pflegestufe drei muss rund um die Uhr versorgt werden, daher nennt man sie auch schwerste Pflegebed\u00fcrftigkeit.<br \/>\nNach eine Statistik des Statistischen Bundesamtes gab es im Jahr 2011 insgesamt 2,5 Millionen Pflegebed\u00fcrftige, davon waren 65,5 % Frauen. 17% der Pflegebed\u00fcrftigen waren unter 65 Jahre und fast die H\u00e4lfte zwischen 65 und 84 Jahre und ein Drittel war 85 Jahre und \u00e4lter. Ein Drittel der Pflegebed\u00fcrftigen wurden in Heimen gepflegt. Von denen, die zu Hause gpfelgt wurden, wurde zwei Drittel von Angeh\u00f6rigen gepflegt und das restliche Drittel wurde durch ambulante Pflegedienste gepflegt.<\/p>\n","protected":false},"excerpt":{"rendered":"<p>Menschen, die pflegebed\u00fcrftig sind, das hei\u00dft kranke oder behinderte Personen, die nicht mehr alleine im Alltag zurecht kommen, bekommen eine Pflege zugewiesen, die in verschiedene Stufen von Pflegebed\u00fcrftigkeit eingeteilt wird. Die Krankheit oder Behinderung muss eine Sch\u00e4digung im Bewegungsapparat, in den inneren Organen oder im Nervensystem vorhanden sein. Die Hilfe wird in die vier Bereiche [&hellip;]<\/p>\n","protected":false},"author":4,"featured_media":1670,"parent":0,"menu_order":0,"comment_status":"open","ping_status":"open","template":"","meta":{"site-sidebar-layout":"default","site-content-layout":"","ast-site-content-layout":"default","site-content-style":"default","site-sidebar-style":"default","ast-global-header-display":"","ast-banner-title-visibility":"","ast-main-header-display":"","ast-hfb-above-header-display":"","ast-hfb-below-header-display":"","ast-hfb-mobile-header-display":"","site-post-title":"","ast-breadcrumbs-content":"","ast-featured-img":"","footer-sml-layout":"","ast-disable-related-posts":"","theme-transparent-header-meta":"","adv-header-id-meta":"","stick-header-meta":"","header-above-stick-meta":"","header-main-stick-meta":"","header-below-stick-meta":"","astra-migrate-meta-layouts":"default","ast-page-background-enabled":"default","ast-page-background-meta":{"desktop":{"background-color":"","background-image":"","background-repeat":"repeat","background-position":"center center","background-size":"auto","background-attachment":"scroll","background-type":"","background-media":"","overlay-type":"","overlay-color":"","overlay-opacity":"","overlay-gradient":""},"tablet":{"background-color":"","background-image":"","background-repeat":"repeat","background-position":"center center","background-size":"auto","background-attachment":"scroll","background-type":"","background-media":"","overlay-type":"","overlay-color":"","overlay-opacity":"","overlay-gradient":""},"mobile":{"background-color":"","background-image":"","background-repeat":"repeat","background-position":"center center","background-size":"auto","background-attachment":"scroll","background-type":"","background-media":"","overlay-type":"","overlay-color":"","overlay-opacity":"","overlay-gradient":""}},"ast-content-background-meta":{"desktop":{"background-color":"var(--ast-global-color-5)","background-image":"","background-repeat":"repeat","background-position":"center center","background-size":"auto","background-attachment":"scroll","background-type":"","background-media":"","overlay-type":"","overlay-color":"","overlay-opacity":"","overlay-gradient":""},"tablet":{"background-color":"var(--ast-global-color-5)","background-image":"","background-repeat":"repeat","background-position":"center center","background-size":"auto","background-attachment":"scroll","background-type":"","background-media":"","overlay-type":"","overlay-color":"","overlay-opacity":"","overlay-gradient":""},"mobile":{"background-color":"var(--ast-global-color-5)","background-image":"","background-repeat":"repeat","background-position":"center center","background-size":"auto","background-attachment":"scroll","background-type":"","background-media":"","overlay-type":"","overlay-color":"","overlay-opacity":"","overlay-gradient":""}},"footnotes":""},"class_list":["post-1669","page","type-page","status-publish","has-post-thumbnail","hentry"],"yoast_head":"<!-- This site is optimized with the Yoast SEO plugin v26.9 - https:\/\/yoast.com\/product\/yoast-seo-wordpress\/ -->\n<title>Pflegestufen - Altenheime Blog<\/title>\n<meta name=\"robots\" content=\"index, follow, max-snippet:-1, max-image-preview:large, max-video-preview:-1\" \/>\n<link rel=\"canonical\" href=\"https:\/\/altenpflege-pflegeheim.de\/de\/pflegestufen\/\" \/>\n<meta property=\"og:locale\" content=\"de_DE\" \/>\n<meta property=\"og:type\" content=\"article\" \/>\n<meta property=\"og:title\" content=\"Pflegestufen - Altenheime Blog\" \/>\n<meta property=\"og:description\" content=\"Menschen, die pflegebed\u00fcrftig sind, das hei\u00dft kranke oder behinderte Personen, die nicht mehr alleine im Alltag zurecht kommen, bekommen eine Pflege zugewiesen, die in verschiedene Stufen von Pflegebed\u00fcrftigkeit eingeteilt wird. Die Krankheit oder Behinderung muss eine Sch\u00e4digung im Bewegungsapparat, in den inneren Organen oder im Nervensystem vorhanden sein. Die Hilfe wird in die vier Bereiche [&hellip;]\" \/>\n<meta property=\"og:url\" content=\"https:\/\/altenpflege-pflegeheim.de\/de\/pflegestufen\/\" \/>\n<meta property=\"og:site_name\" content=\"Altenheime Blog\" \/>\n<meta property=\"article:modified_time\" content=\"2015-01-13T16:34:27+00:00\" \/>\n<meta property=\"og:image\" content=\"https:\/\/altenpflege-pflegeheim.de\/de\/wp-content\/uploads\/2015\/01\/pflegestufen.jpg\" \/>\n\t<meta property=\"og:image:width\" content=\"747\" \/>\n\t<meta property=\"og:image:height\" content=\"356\" \/>\n\t<meta property=\"og:image:type\" content=\"image\/jpeg\" \/>\n<meta name=\"twitter:label1\" content=\"Gesch\u00e4tzte Lesezeit\" \/>\n\t<meta name=\"twitter:data1\" content=\"2\u00a0Minuten\" \/>\n<script type=\"application\/ld+json\" class=\"yoast-schema-graph\">{\"@context\":\"https:\/\/schema.org\",\"@graph\":[{\"@type\":\"WebPage\",\"@id\":\"https:\/\/altenpflege-pflegeheim.de\/de\/pflegestufen\/\",\"url\":\"https:\/\/altenpflege-pflegeheim.de\/de\/pflegestufen\/\",\"name\":\"Pflegestufen - Altenheime Blog\",\"isPartOf\":{\"@id\":\"https:\/\/altenpflege-pflegeheim.de\/de\/#website\"},\"primaryImageOfPage\":{\"@id\":\"https:\/\/altenpflege-pflegeheim.de\/de\/pflegestufen\/#primaryimage\"},\"image\":{\"@id\":\"https:\/\/altenpflege-pflegeheim.de\/de\/pflegestufen\/#primaryimage\"},\"thumbnailUrl\":\"https:\/\/altenpflege-pflegeheim.de\/de\/wp-content\/uploads\/2015\/01\/pflegestufen.jpg\",\"datePublished\":\"2015-01-13T16:33:19+00:00\",\"dateModified\":\"2015-01-13T16:34:27+00:00\",\"breadcrumb\":{\"@id\":\"https:\/\/altenpflege-pflegeheim.de\/de\/pflegestufen\/#breadcrumb\"},\"inLanguage\":\"de\",\"potentialAction\":[{\"@type\":\"ReadAction\",\"target\":[\"https:\/\/altenpflege-pflegeheim.de\/de\/pflegestufen\/\"]}]},{\"@type\":\"ImageObject\",\"inLanguage\":\"de\",\"@id\":\"https:\/\/altenpflege-pflegeheim.de\/de\/pflegestufen\/#primaryimage\",\"url\":\"https:\/\/altenpflege-pflegeheim.de\/de\/wp-content\/uploads\/2015\/01\/pflegestufen.jpg\",\"contentUrl\":\"https:\/\/altenpflege-pflegeheim.de\/de\/wp-content\/uploads\/2015\/01\/pflegestufen.jpg\",\"width\":747,\"height\":356},{\"@type\":\"BreadcrumbList\",\"@id\":\"https:\/\/altenpflege-pflegeheim.de\/de\/pflegestufen\/#breadcrumb\",\"itemListElement\":[{\"@type\":\"ListItem\",\"position\":1,\"name\":\"Home\",\"item\":\"https:\/\/altenpflege-pflegeheim.de\/de\/\"},{\"@type\":\"ListItem\",\"position\":2,\"name\":\"Pflegestufen\"}]},{\"@type\":\"WebSite\",\"@id\":\"https:\/\/altenpflege-pflegeheim.de\/de\/#website\",\"url\":\"https:\/\/altenpflege-pflegeheim.de\/de\/\",\"name\":\"Altenheime Blog\",\"description\":\"\",\"potentialAction\":[{\"@type\":\"SearchAction\",\"target\":{\"@type\":\"EntryPoint\",\"urlTemplate\":\"https:\/\/altenpflege-pflegeheim.de\/de\/?s={search_term_string}\"},\"query-input\":{\"@type\":\"PropertyValueSpecification\",\"valueRequired\":true,\"valueName\":\"search_term_string\"}}],\"inLanguage\":\"de\"}]}<\/script>\n<!-- \/ Yoast SEO plugin. -->","yoast_head_json":{"title":"Pflegestufen - Altenheime Blog","robots":{"index":"index","follow":"follow","max-snippet":"max-snippet:-1","max-image-preview":"max-image-preview:large","max-video-preview":"max-video-preview:-1"},"canonical":"https:\/\/altenpflege-pflegeheim.de\/de\/pflegestufen\/","og_locale":"de_DE","og_type":"article","og_title":"Pflegestufen - Altenheime Blog","og_description":"Menschen, die pflegebed\u00fcrftig sind, das hei\u00dft kranke oder behinderte Personen, die nicht mehr alleine im Alltag zurecht kommen, bekommen eine Pflege zugewiesen, die in verschiedene Stufen von Pflegebed\u00fcrftigkeit eingeteilt wird. Die Krankheit oder Behinderung muss eine Sch\u00e4digung im Bewegungsapparat, in den inneren Organen oder im Nervensystem vorhanden sein. Die Hilfe wird in die vier Bereiche [&hellip;]","og_url":"https:\/\/altenpflege-pflegeheim.de\/de\/pflegestufen\/","og_site_name":"Altenheime Blog","article_modified_time":"2015-01-13T16:34:27+00:00","og_image":[{"width":747,"height":356,"url":"https:\/\/altenpflege-pflegeheim.de\/de\/wp-content\/uploads\/2015\/01\/pflegestufen.jpg","type":"image\/jpeg"}],"twitter_misc":{"Gesch\u00e4tzte Lesezeit":"2\u00a0Minuten"},"schema":{"@context":"https:\/\/schema.org","@graph":[{"@type":"WebPage","@id":"https:\/\/altenpflege-pflegeheim.de\/de\/pflegestufen\/","url":"https:\/\/altenpflege-pflegeheim.de\/de\/pflegestufen\/","name":"Pflegestufen - Altenheime Blog","isPartOf":{"@id":"https:\/\/altenpflege-pflegeheim.de\/de\/#website"},"primaryImageOfPage":{"@id":"https:\/\/altenpflege-pflegeheim.de\/de\/pflegestufen\/#primaryimage"},"image":{"@id":"https:\/\/altenpflege-pflegeheim.de\/de\/pflegestufen\/#primaryimage"},"thumbnailUrl":"https:\/\/altenpflege-pflegeheim.de\/de\/wp-content\/uploads\/2015\/01\/pflegestufen.jpg","datePublished":"2015-01-13T16:33:19+00:00","dateModified":"2015-01-13T16:34:27+00:00","breadcrumb":{"@id":"https:\/\/altenpflege-pflegeheim.de\/de\/pflegestufen\/#breadcrumb"},"inLanguage":"de","potentialAction":[{"@type":"ReadAction","target":["https:\/\/altenpflege-pflegeheim.de\/de\/pflegestufen\/"]}]},{"@type":"ImageObject","inLanguage":"de","@id":"https:\/\/altenpflege-pflegeheim.de\/de\/pflegestufen\/#primaryimage","url":"https:\/\/altenpflege-pflegeheim.de\/de\/wp-content\/uploads\/2015\/01\/pflegestufen.jpg","contentUrl":"https:\/\/altenpflege-pflegeheim.de\/de\/wp-content\/uploads\/2015\/01\/pflegestufen.jpg","width":747,"height":356},{"@type":"BreadcrumbList","@id":"https:\/\/altenpflege-pflegeheim.de\/de\/pflegestufen\/#breadcrumb","itemListElement":[{"@type":"ListItem","position":1,"name":"Home","item":"https:\/\/altenpflege-pflegeheim.de\/de\/"},{"@type":"ListItem","position":2,"name":"Pflegestufen"}]},{"@type":"WebSite","@id":"https:\/\/altenpflege-pflegeheim.de\/de\/#website","url":"https:\/\/altenpflege-pflegeheim.de\/de\/","name":"Altenheime Blog","description":"","potentialAction":[{"@type":"SearchAction","target":{"@type":"EntryPoint","urlTemplate":"https:\/\/altenpflege-pflegeheim.de\/de\/?s={search_term_string}"},"query-input":{"@type":"PropertyValueSpecification","valueRequired":true,"valueName":"search_term_string"}}],"inLanguage":"de"}]}},"_links":{"self":[{"href":"https:\/\/altenpflege-pflegeheim.de\/de\/wp-json\/wp\/v2\/pages\/1669","targetHints":{"allow":["GET"]}}],"collection":[{"href":"https:\/\/altenpflege-pflegeheim.de\/de\/wp-json\/wp\/v2\/pages"}],"about":[{"href":"https:\/\/altenpflege-pflegeheim.de\/de\/wp-json\/wp\/v2\/types\/page"}],"author":[{"embeddable":true,"href":"https:\/\/altenpflege-pflegeheim.de\/de\/wp-json\/wp\/v2\/users\/4"}],"replies":[{"embeddable":true,"href":"https:\/\/altenpflege-pflegeheim.de\/de\/wp-json\/wp\/v2\/comments?post=1669"}],"version-history":[{"count":0,"href":"https:\/\/altenpflege-pflegeheim.de\/de\/wp-json\/wp\/v2\/pages\/1669\/revisions"}],"wp:featuredmedia":[{"embeddable":true,"href":"https:\/\/altenpflege-pflegeheim.de\/de\/wp-json\/wp\/v2\/media\/1670"}],"wp:attachment":[{"href":"https:\/\/altenpflege-pflegeheim.de\/de\/wp-json\/wp\/v2\/media?parent=1669"}],"curies":[{"name":"wp","href":"https:\/\/api.w.org\/{rel}","templated":true}]}}