{"id":1664,"date":"2015-01-13T15:08:21","date_gmt":"2015-01-13T15:08:21","guid":{"rendered":"http:\/\/altenpflege-pflegeheim.de\/de\/?page_id=1664"},"modified":"2020-12-09T06:22:15","modified_gmt":"2020-12-09T05:22:15","slug":"pflegegeld","status":"publish","type":"page","link":"https:\/\/altenpflege-pflegeheim.de\/de\/pflegegeld\/","title":{"rendered":"Pflegegeld"},"content":{"rendered":"<p>Pflegegeld ist in Deutschland eine Sozialleistung, die die Qualit\u00e4t der Pflege von pflegebed\u00fcrftigen Personen zu gew\u00e4hrleisten. Sie wird von den Pflegekassen bezahlt.<\/p>\n<h2>Wer hat Anspruch auf Pflegegeld?<\/h2>\n<p><a title=\"Pflegegeld\" href=\"https:\/\/altenpflege-pflegeheim.de\/de\/?s=Pflegegeld\">Anspruch auf Pflegegeld<\/a> haben alle pflegebed\u00fcrftigen Personen, bei denen eine Pflegebed\u00fcrftigkeit festgestellt wurde. Die Pflegebed\u00fcrftigkeit wird vom medizinischen Dienst der Krankenkassen festgestellt. Dieser bestimmt dann auch den Grad der Pflegebed\u00fcrftigkeit. Voraussetzung f\u00fcr die direkte Auszahlung von Pflegegeld an den Pflegebed\u00fcrftigen, ist die Sicherstellung der Pflege zuhause und nicht in einer vollstation\u00e4ren Einrichtung. Bei vollstation\u00e4rer Betreuung wird das Pflegegeld direkt an den Betreiber der Einrichtung \u00fcberwiesen, der das Pflegegeld mit den Gesamtkosten verrechnet.<\/p>\n<h2>Kann Pflegegeld mit Pflegeleistungen kombiniert werden?<\/h2>\n<p>Pflegebed\u00fcrftige k\u00f6nnen zwischen Pflegesachleistungen und Pflegegeld w\u00e4hlen. Werden Pflegeleistungen, zum Beispiel durch einen ambulanten Pflegedienst gew\u00e4hlt, so rechnet der Pflegedienst seine Leistungen direkt mit der Pflegeversicherung ab. Allerdings besteht bei der Pflege Wahlfreiheit. Der Pflegebed\u00fcrftige kann sich f\u00fcr seine Pflege die helfenden Personen aussuchen. Dies k\u00f6nnen auch Freunde und Angeh\u00f6rige sein. Um deren Leistung zu honorieren, erh\u00e4lt der Pflegebed\u00fcrftige das Pflegegeld, welches er in regelm\u00e4\u00dfigen Abst\u00e4nden an die Pflegenden weitergeben sollte. Das Pflegegeld kann hier vom Pflegebed\u00fcrftigen, aber auch von Pflegenden und gesetzlichen Betreuern beantragt werden.<br \/>\nEine Kombination aus Pflegegeld und Sachleistungen ist dabei m\u00f6glich. So kann der Pflegebed\u00fcrftige Dienste eines ambulanten Pflegedienstes in Anspruch nehmen und den nicht in ben\u00f6tigten Betrag als Pflegegeld auszahlen lassen.<br \/>\nBekommt ein Pflegebed\u00fcrftiger mit Pflegestufe II ambulante Leistungen in H\u00f6he von 200 Euro, so kann er sich den Differenzbetrag von 240 Euro vom Regelsatz f\u00fcr diese Pflegestufe auszahlen lassen.<\/p>\n<h2>Wie hoch ist das Pflegegeld?<\/h2>\n<p>Das Pflegegeld ist in drei Pflegestufen aufgeteilt. Je nach Pflegestufe bemisst sich die H\u00f6he des Pflegegeldanspruchs. Bei ambulanten Leistungen liegen die Betr\u00e4ge f\u00fcr Stufe I bei 235 Euro, f\u00fcr Stufe II bei 440 Euro und f\u00fcr Stufe III bei 700 Euro. Station\u00e4re Betr\u00e4ge sind h\u00f6her, da hier auch die Kosten in der Regel deutlich h\u00f6her liegen. So liegen hier die Betr\u00e4ge in Stufe I bei 450 Euro, in Stufe II bei bis zu 1100 Euro und bei Stufe III bei bis zu 1550 Euro.<br \/>\n2013 wurde die Pflegestufe 0 f\u00fcr Personen mit erheblich eingeschr\u00e4nkter Alltagskompetenz eingef\u00fchrt. Hierunter fallen beispielsweise demente Menschen. F\u00fcr sie ist ein Betrag von pauschal 120 Euro im Monat vorgesehen.<\/p>\n","protected":false},"excerpt":{"rendered":"<p>Pflegegeld ist in Deutschland eine Sozialleistung, die die Qualit\u00e4t der Pflege von pflegebed\u00fcrftigen Personen zu gew\u00e4hrleisten. Sie wird von den Pflegekassen bezahlt. Wer hat Anspruch auf Pflegegeld? Anspruch auf Pflegegeld haben alle pflegebed\u00fcrftigen Personen, bei denen eine Pflegebed\u00fcrftigkeit festgestellt wurde. Die Pflegebed\u00fcrftigkeit wird vom medizinischen Dienst der Krankenkassen festgestellt. Dieser bestimmt dann auch den Grad [&hellip;]<\/p>\n","protected":false},"author":4,"featured_media":1668,"parent":0,"menu_order":0,"comment_status":"open","ping_status":"open","template":"","meta":{"site-sidebar-layout":"default","site-content-layout":"","ast-site-content-layout":"default","site-content-style":"default","site-sidebar-style":"default","ast-global-header-display":"","ast-banner-title-visibility":"","ast-main-header-display":"","ast-hfb-above-header-display":"","ast-hfb-below-header-display":"","ast-hfb-mobile-header-display":"","site-post-title":"","ast-breadcrumbs-content":"","ast-featured-img":"","footer-sml-layout":"","ast-disable-related-posts":"","theme-transparent-header-meta":"","adv-header-id-meta":"","stick-header-meta":"","header-above-stick-meta":"","header-main-stick-meta":"","header-below-stick-meta":"","astra-migrate-meta-layouts":"default","ast-page-background-enabled":"default","ast-page-background-meta":{"desktop":{"background-color":"","background-image":"","background-repeat":"repeat","background-position":"center center","background-size":"auto","background-attachment":"scroll","background-type":"","background-media":"","overlay-type":"","overlay-color":"","overlay-opacity":"","overlay-gradient":""},"tablet":{"background-color":"","background-image":"","background-repeat":"repeat","background-position":"center center","background-size":"auto","background-attachment":"scroll","background-type":"","background-media":"","overlay-type":"","overlay-color":"","overlay-opacity":"","overlay-gradient":""},"mobile":{"background-color":"","background-image":"","background-repeat":"repeat","background-position":"center center","background-size":"auto","background-attachment":"scroll","background-type":"","background-media":"","overlay-type":"","overlay-color":"","overlay-opacity":"","overlay-gradient":""}},"ast-content-background-meta":{"desktop":{"background-color":"var(--ast-global-color-5)","background-image":"","background-repeat":"repeat","background-position":"center center","background-size":"auto","background-attachment":"scroll","background-type":"","background-media":"","overlay-type":"","overlay-color":"","overlay-opacity":"","overlay-gradient":""},"tablet":{"background-color":"var(--ast-global-color-5)","background-image":"","background-repeat":"repeat","background-position":"center center","background-size":"auto","background-attachment":"scroll","background-type":"","background-media":"","overlay-type":"","overlay-color":"","overlay-opacity":"","overlay-gradient":""},"mobile":{"background-color":"var(--ast-global-color-5)","background-image":"","background-repeat":"repeat","background-position":"center center","background-size":"auto","background-attachment":"scroll","background-type":"","background-media":"","overlay-type":"","overlay-color":"","overlay-opacity":"","overlay-gradient":""}},"footnotes":""},"class_list":["post-1664","page","type-page","status-publish","has-post-thumbnail","hentry"],"yoast_head":"<!-- This site is optimized with the Yoast SEO plugin v27.5 - https:\/\/yoast.com\/product\/yoast-seo-wordpress\/ -->\n<title>Pflegegeld - Altenheime Blog<\/title>\n<meta name=\"robots\" content=\"index, follow, max-snippet:-1, max-image-preview:large, max-video-preview:-1\" \/>\n<link rel=\"canonical\" href=\"https:\/\/altenpflege-pflegeheim.de\/de\/pflegegeld\/\" \/>\n<meta property=\"og:locale\" content=\"de_DE\" \/>\n<meta property=\"og:type\" content=\"article\" \/>\n<meta property=\"og:title\" content=\"Pflegegeld - Altenheime Blog\" \/>\n<meta property=\"og:description\" content=\"Pflegegeld ist in Deutschland eine Sozialleistung, die die Qualit\u00e4t der Pflege von pflegebed\u00fcrftigen Personen zu gew\u00e4hrleisten. Sie wird von den Pflegekassen bezahlt. Wer hat Anspruch auf Pflegegeld? Anspruch auf Pflegegeld haben alle pflegebed\u00fcrftigen Personen, bei denen eine Pflegebed\u00fcrftigkeit festgestellt wurde. Die Pflegebed\u00fcrftigkeit wird vom medizinischen Dienst der Krankenkassen festgestellt. Dieser bestimmt dann auch den Grad [&hellip;]\" \/>\n<meta property=\"og:url\" content=\"https:\/\/altenpflege-pflegeheim.de\/de\/pflegegeld\/\" \/>\n<meta property=\"og:site_name\" content=\"Altenheime Blog\" \/>\n<meta property=\"article:modified_time\" content=\"2020-12-09T05:22:15+00:00\" \/>\n<meta property=\"og:image\" content=\"https:\/\/altenpflege-pflegeheim.de\/de\/wp-content\/uploads\/2015\/01\/pflegegeld.jpg\" \/>\n\t<meta property=\"og:image:width\" content=\"747\" \/>\n\t<meta property=\"og:image:height\" content=\"356\" \/>\n\t<meta property=\"og:image:type\" content=\"image\/jpeg\" \/>\n<meta name=\"twitter:label1\" content=\"Gesch\u00e4tzte Lesezeit\" \/>\n\t<meta name=\"twitter:data1\" content=\"2\u00a0Minuten\" \/>\n<script type=\"application\/ld+json\" class=\"yoast-schema-graph\">{\"@context\":\"https:\\\/\\\/schema.org\",\"@graph\":[{\"@type\":\"WebPage\",\"@id\":\"https:\\\/\\\/altenpflege-pflegeheim.de\\\/de\\\/pflegegeld\\\/\",\"url\":\"https:\\\/\\\/altenpflege-pflegeheim.de\\\/de\\\/pflegegeld\\\/\",\"name\":\"Pflegegeld - Altenheime Blog\",\"isPartOf\":{\"@id\":\"https:\\\/\\\/altenpflege-pflegeheim.de\\\/de\\\/#website\"},\"primaryImageOfPage\":{\"@id\":\"https:\\\/\\\/altenpflege-pflegeheim.de\\\/de\\\/pflegegeld\\\/#primaryimage\"},\"image\":{\"@id\":\"https:\\\/\\\/altenpflege-pflegeheim.de\\\/de\\\/pflegegeld\\\/#primaryimage\"},\"thumbnailUrl\":\"https:\\\/\\\/altenpflege-pflegeheim.de\\\/de\\\/wp-content\\\/uploads\\\/2015\\\/01\\\/pflegegeld.jpg\",\"datePublished\":\"2015-01-13T15:08:21+00:00\",\"dateModified\":\"2020-12-09T05:22:15+00:00\",\"breadcrumb\":{\"@id\":\"https:\\\/\\\/altenpflege-pflegeheim.de\\\/de\\\/pflegegeld\\\/#breadcrumb\"},\"inLanguage\":\"de\",\"potentialAction\":[{\"@type\":\"ReadAction\",\"target\":[\"https:\\\/\\\/altenpflege-pflegeheim.de\\\/de\\\/pflegegeld\\\/\"]}]},{\"@type\":\"ImageObject\",\"inLanguage\":\"de\",\"@id\":\"https:\\\/\\\/altenpflege-pflegeheim.de\\\/de\\\/pflegegeld\\\/#primaryimage\",\"url\":\"https:\\\/\\\/altenpflege-pflegeheim.de\\\/de\\\/wp-content\\\/uploads\\\/2015\\\/01\\\/pflegegeld.jpg\",\"contentUrl\":\"https:\\\/\\\/altenpflege-pflegeheim.de\\\/de\\\/wp-content\\\/uploads\\\/2015\\\/01\\\/pflegegeld.jpg\",\"width\":747,\"height\":356},{\"@type\":\"BreadcrumbList\",\"@id\":\"https:\\\/\\\/altenpflege-pflegeheim.de\\\/de\\\/pflegegeld\\\/#breadcrumb\",\"itemListElement\":[{\"@type\":\"ListItem\",\"position\":1,\"name\":\"Home\",\"item\":\"https:\\\/\\\/altenpflege-pflegeheim.de\\\/de\\\/\"},{\"@type\":\"ListItem\",\"position\":2,\"name\":\"Pflegegeld\"}]},{\"@type\":\"WebSite\",\"@id\":\"https:\\\/\\\/altenpflege-pflegeheim.de\\\/de\\\/#website\",\"url\":\"https:\\\/\\\/altenpflege-pflegeheim.de\\\/de\\\/\",\"name\":\"Altenheime Blog\",\"description\":\"\",\"potentialAction\":[{\"@type\":\"SearchAction\",\"target\":{\"@type\":\"EntryPoint\",\"urlTemplate\":\"https:\\\/\\\/altenpflege-pflegeheim.de\\\/de\\\/?s={search_term_string}\"},\"query-input\":{\"@type\":\"PropertyValueSpecification\",\"valueRequired\":true,\"valueName\":\"search_term_string\"}}],\"inLanguage\":\"de\"}]}<\/script>\n<!-- \/ Yoast SEO plugin. -->","yoast_head_json":{"title":"Pflegegeld - Altenheime Blog","robots":{"index":"index","follow":"follow","max-snippet":"max-snippet:-1","max-image-preview":"max-image-preview:large","max-video-preview":"max-video-preview:-1"},"canonical":"https:\/\/altenpflege-pflegeheim.de\/de\/pflegegeld\/","og_locale":"de_DE","og_type":"article","og_title":"Pflegegeld - Altenheime Blog","og_description":"Pflegegeld ist in Deutschland eine Sozialleistung, die die Qualit\u00e4t der Pflege von pflegebed\u00fcrftigen Personen zu gew\u00e4hrleisten. Sie wird von den Pflegekassen bezahlt. Wer hat Anspruch auf Pflegegeld? Anspruch auf Pflegegeld haben alle pflegebed\u00fcrftigen Personen, bei denen eine Pflegebed\u00fcrftigkeit festgestellt wurde. Die Pflegebed\u00fcrftigkeit wird vom medizinischen Dienst der Krankenkassen festgestellt. Dieser bestimmt dann auch den Grad [&hellip;]","og_url":"https:\/\/altenpflege-pflegeheim.de\/de\/pflegegeld\/","og_site_name":"Altenheime Blog","article_modified_time":"2020-12-09T05:22:15+00:00","og_image":[{"width":747,"height":356,"url":"https:\/\/altenpflege-pflegeheim.de\/de\/wp-content\/uploads\/2015\/01\/pflegegeld.jpg","type":"image\/jpeg"}],"twitter_misc":{"Gesch\u00e4tzte Lesezeit":"2\u00a0Minuten"},"schema":{"@context":"https:\/\/schema.org","@graph":[{"@type":"WebPage","@id":"https:\/\/altenpflege-pflegeheim.de\/de\/pflegegeld\/","url":"https:\/\/altenpflege-pflegeheim.de\/de\/pflegegeld\/","name":"Pflegegeld - Altenheime Blog","isPartOf":{"@id":"https:\/\/altenpflege-pflegeheim.de\/de\/#website"},"primaryImageOfPage":{"@id":"https:\/\/altenpflege-pflegeheim.de\/de\/pflegegeld\/#primaryimage"},"image":{"@id":"https:\/\/altenpflege-pflegeheim.de\/de\/pflegegeld\/#primaryimage"},"thumbnailUrl":"https:\/\/altenpflege-pflegeheim.de\/de\/wp-content\/uploads\/2015\/01\/pflegegeld.jpg","datePublished":"2015-01-13T15:08:21+00:00","dateModified":"2020-12-09T05:22:15+00:00","breadcrumb":{"@id":"https:\/\/altenpflege-pflegeheim.de\/de\/pflegegeld\/#breadcrumb"},"inLanguage":"de","potentialAction":[{"@type":"ReadAction","target":["https:\/\/altenpflege-pflegeheim.de\/de\/pflegegeld\/"]}]},{"@type":"ImageObject","inLanguage":"de","@id":"https:\/\/altenpflege-pflegeheim.de\/de\/pflegegeld\/#primaryimage","url":"https:\/\/altenpflege-pflegeheim.de\/de\/wp-content\/uploads\/2015\/01\/pflegegeld.jpg","contentUrl":"https:\/\/altenpflege-pflegeheim.de\/de\/wp-content\/uploads\/2015\/01\/pflegegeld.jpg","width":747,"height":356},{"@type":"BreadcrumbList","@id":"https:\/\/altenpflege-pflegeheim.de\/de\/pflegegeld\/#breadcrumb","itemListElement":[{"@type":"ListItem","position":1,"name":"Home","item":"https:\/\/altenpflege-pflegeheim.de\/de\/"},{"@type":"ListItem","position":2,"name":"Pflegegeld"}]},{"@type":"WebSite","@id":"https:\/\/altenpflege-pflegeheim.de\/de\/#website","url":"https:\/\/altenpflege-pflegeheim.de\/de\/","name":"Altenheime Blog","description":"","potentialAction":[{"@type":"SearchAction","target":{"@type":"EntryPoint","urlTemplate":"https:\/\/altenpflege-pflegeheim.de\/de\/?s={search_term_string}"},"query-input":{"@type":"PropertyValueSpecification","valueRequired":true,"valueName":"search_term_string"}}],"inLanguage":"de"}]}},"_links":{"self":[{"href":"https:\/\/altenpflege-pflegeheim.de\/de\/wp-json\/wp\/v2\/pages\/1664","targetHints":{"allow":["GET"]}}],"collection":[{"href":"https:\/\/altenpflege-pflegeheim.de\/de\/wp-json\/wp\/v2\/pages"}],"about":[{"href":"https:\/\/altenpflege-pflegeheim.de\/de\/wp-json\/wp\/v2\/types\/page"}],"author":[{"embeddable":true,"href":"https:\/\/altenpflege-pflegeheim.de\/de\/wp-json\/wp\/v2\/users\/4"}],"replies":[{"embeddable":true,"href":"https:\/\/altenpflege-pflegeheim.de\/de\/wp-json\/wp\/v2\/comments?post=1664"}],"version-history":[{"count":1,"href":"https:\/\/altenpflege-pflegeheim.de\/de\/wp-json\/wp\/v2\/pages\/1664\/revisions"}],"predecessor-version":[{"id":1775,"href":"https:\/\/altenpflege-pflegeheim.de\/de\/wp-json\/wp\/v2\/pages\/1664\/revisions\/1775"}],"wp:featuredmedia":[{"embeddable":true,"href":"https:\/\/altenpflege-pflegeheim.de\/de\/wp-json\/wp\/v2\/media\/1668"}],"wp:attachment":[{"href":"https:\/\/altenpflege-pflegeheim.de\/de\/wp-json\/wp\/v2\/media?parent=1664"}],"curies":[{"name":"wp","href":"https:\/\/api.w.org\/{rel}","templated":true}]}}