{"id":1659,"date":"2015-01-13T14:59:10","date_gmt":"2015-01-13T14:59:10","guid":{"rendered":"http:\/\/altenpflege-pflegeheim.de\/de\/?page_id=1659"},"modified":"2015-01-13T15:04:40","modified_gmt":"2015-01-13T15:04:40","slug":"kurzzeitpflege","status":"publish","type":"page","link":"https:\/\/altenpflege-pflegeheim.de\/de\/kurzzeitpflege\/","title":{"rendered":"Kurzzeitpflege"},"content":{"rendered":"<h2>Was ist Kurzzeitpflege?<\/h2>\n<div>Die <a title=\"Kurzzeitpflege\" href=\"http:\/\/altenpflege-pflegeheim.de\/Such-Ergebnis.html?ordering=&amp;searchphrase=all&amp;searchword=kurzzeitpflege\" target=\"_blank\">Kurzzeitpflege<\/a> bezeichnet die zeitweise Unterbringung einer pflegebed\u00fcrftigen Person in einer station\u00e4ren Pflegeeinrichtung, beispielsweise in einem Senioren- oder Pflegeheim.Manchmal tritt der Fall ein, dass eine Person, welche eigentlich zu Hause gepflegt wird eine vor\u00fcbergehende station\u00e4re Pflege ben\u00f6tigt. Aber auch Menschen, welche noch selbstst\u00e4ndig im eigenen Haushalt leben, k\u00f6nnen in die Lage geraten eine <em>Kurzzeitpflege<\/em> in Anspruch nehmen zu m\u00fcssen. Dies kann, zum Beispiel, nach einem Klinikaufenthalt notwendig werden, wenn ein Verbleib in der Klinik nicht mehr n\u00f6tig, eine Selbstversorgung oder eine ad\u00e4quate Pflege in der eigenen Wohnung aber noch nicht m\u00f6glich ist. Auch wenn ein pflegender Angeh\u00f6riger erkrankt oder anderweitig nicht in der Lage ist die pflegebed\u00fcrftige Person zu versorgen oder der ambulante Pflegedienst kurzfristig nicht in der Lage ist die h\u00e4usliche Pflege zu gew\u00e4hrleisten, ist eine Aufnahme in die station\u00e4re Kurzzeitpflege sinnvoll und meist der letzte Ausweg um eine angemessene Versorgung sicherzustellen.<br \/>\nDie meisten Seniorenheime halten hierf\u00fcr eine eigene Station vor, welche sich ausschlie\u00dflich um Bewohner in der Kurzzeitpflege k\u00fcmmert. Im Dreischichtsystem werden hier die Patienten optimal versorgt.<\/p>\n<p>Kurzzeitpflege ist grunds\u00e4tzlich f\u00fcr jede Person mit einer Pflegestufe m\u00f6glich, unabh\u00e4ngig von der H\u00f6he der jeweiligen <a href=\"http:\/\/altenpflege-pflegeheim.de\/de\/?s=Pflegestufe\" target=\"_blank\">Pflegestufe<\/a>.<br \/>\nPro Kalenderjahr k\u00f6nnen h\u00f6chstens 28 Tage Kurzzeitpflege von pflegebed\u00fcrftigen Personen in Anspruch genommen werden. Hierbei ist es allerdings m\u00f6glich die Tage auf das Jahr zu verteilen, es m\u00fcssen also nicht vier Wochen zusammenh\u00e4ngend in Anspruch genommen werden, sondern auch eine Aufnahme f\u00fcr einen oder wenige Tage ist m\u00f6glich und zwar so oft, bis die 28 Tage im laufenden Jahr aufgebraucht sind. Einige Seniorenheime haben allerdings eine interne Regelung zur Mindestdauer der Kurzzeitpflege, meist sind das drei bis vier Tage.<br \/>\nMitunter kommt es auch vor, dass Menschen nach der Kurzzeitpflege die Entscheidung treffen, dauerhaft in ein Seniorenheim zu ziehen. Durch die Erfahrungen, welche im Verlauf der station\u00e4ren Pflege gemacht wurden, ist es m\u00f6glich, dass die Scheu vor einem dauerhaften wohnen in einem Seniorenheim verfliegt.<\/p>\n<p>Zusammenfassend bleibt zu sagen, dass die Kurzzeitpflege eine sehr gute, in den meisten F\u00e4llen sogar die einzige, M\u00f6glichkeit ist eine optimale Pflege zu gew\u00e4hrleisten, wenn die sonst praktizierte Pflege durch Angeh\u00f6rige oder den ambulanten Pflegedienst f\u00fcr eine Dauer von einigen Tagen bis hin zu vier Wochen nicht aufrechterhalten werden kann.<\/p>\n<p>[youtube_sc url=&#8220;https:\/\/www.youtube.com\/watch?v=m55KVc4aq8o&#8220; title=&#8220;Kurzzeitpflege&#8220;]<\/p>\n<\/div>\n","protected":false},"excerpt":{"rendered":"<p>Was ist Kurzzeitpflege? Die Kurzzeitpflege bezeichnet die zeitweise Unterbringung einer pflegebed\u00fcrftigen Person in einer station\u00e4ren Pflegeeinrichtung, beispielsweise in einem Senioren- oder Pflegeheim.Manchmal tritt der Fall ein, dass eine Person, welche eigentlich zu Hause gepflegt wird eine vor\u00fcbergehende station\u00e4re Pflege ben\u00f6tigt. Aber auch Menschen, welche noch selbstst\u00e4ndig im eigenen Haushalt leben, k\u00f6nnen in die Lage geraten [&hellip;]<\/p>\n","protected":false},"author":4,"featured_media":0,"parent":0,"menu_order":0,"comment_status":"open","ping_status":"open","template":"","meta":{"site-sidebar-layout":"default","site-content-layout":"","ast-site-content-layout":"default","site-content-style":"default","site-sidebar-style":"default","ast-global-header-display":"","ast-banner-title-visibility":"","ast-main-header-display":"","ast-hfb-above-header-display":"","ast-hfb-below-header-display":"","ast-hfb-mobile-header-display":"","site-post-title":"","ast-breadcrumbs-content":"","ast-featured-img":"","footer-sml-layout":"","ast-disable-related-posts":"","theme-transparent-header-meta":"","adv-header-id-meta":"","stick-header-meta":"","header-above-stick-meta":"","header-main-stick-meta":"","header-below-stick-meta":"","astra-migrate-meta-layouts":"default","ast-page-background-enabled":"default","ast-page-background-meta":{"desktop":{"background-color":"","background-image":"","background-repeat":"repeat","background-position":"center center","background-size":"auto","background-attachment":"scroll","background-type":"","background-media":"","overlay-type":"","overlay-color":"","overlay-opacity":"","overlay-gradient":""},"tablet":{"background-color":"","background-image":"","background-repeat":"repeat","background-position":"center center","background-size":"auto","background-attachment":"scroll","background-type":"","background-media":"","overlay-type":"","overlay-color":"","overlay-opacity":"","overlay-gradient":""},"mobile":{"background-color":"","background-image":"","background-repeat":"repeat","background-position":"center center","background-size":"auto","background-attachment":"scroll","background-type":"","background-media":"","overlay-type":"","overlay-color":"","overlay-opacity":"","overlay-gradient":""}},"ast-content-background-meta":{"desktop":{"background-color":"var(--ast-global-color-5)","background-image":"","background-repeat":"repeat","background-position":"center center","background-size":"auto","background-attachment":"scroll","background-type":"","background-media":"","overlay-type":"","overlay-color":"","overlay-opacity":"","overlay-gradient":""},"tablet":{"background-color":"var(--ast-global-color-5)","background-image":"","background-repeat":"repeat","background-position":"center center","background-size":"auto","background-attachment":"scroll","background-type":"","background-media":"","overlay-type":"","overlay-color":"","overlay-opacity":"","overlay-gradient":""},"mobile":{"background-color":"var(--ast-global-color-5)","background-image":"","background-repeat":"repeat","background-position":"center center","background-size":"auto","background-attachment":"scroll","background-type":"","background-media":"","overlay-type":"","overlay-color":"","overlay-opacity":"","overlay-gradient":""}},"footnotes":""},"class_list":["post-1659","page","type-page","status-publish","hentry"],"yoast_head":"<!-- This site is optimized with the Yoast SEO plugin v26.9 - https:\/\/yoast.com\/product\/yoast-seo-wordpress\/ -->\n<title>Kurzzeitpflege - Altenheime Blog<\/title>\n<meta name=\"robots\" content=\"index, follow, max-snippet:-1, max-image-preview:large, max-video-preview:-1\" \/>\n<link rel=\"canonical\" href=\"https:\/\/altenpflege-pflegeheim.de\/de\/kurzzeitpflege\/\" \/>\n<meta property=\"og:locale\" content=\"de_DE\" \/>\n<meta property=\"og:type\" content=\"article\" \/>\n<meta property=\"og:title\" content=\"Kurzzeitpflege - Altenheime Blog\" \/>\n<meta property=\"og:description\" content=\"Was ist Kurzzeitpflege? Die Kurzzeitpflege bezeichnet die zeitweise Unterbringung einer pflegebed\u00fcrftigen Person in einer station\u00e4ren Pflegeeinrichtung, beispielsweise in einem Senioren- oder Pflegeheim.Manchmal tritt der Fall ein, dass eine Person, welche eigentlich zu Hause gepflegt wird eine vor\u00fcbergehende station\u00e4re Pflege ben\u00f6tigt. Aber auch Menschen, welche noch selbstst\u00e4ndig im eigenen Haushalt leben, k\u00f6nnen in die Lage geraten [&hellip;]\" \/>\n<meta property=\"og:url\" content=\"https:\/\/altenpflege-pflegeheim.de\/de\/kurzzeitpflege\/\" \/>\n<meta property=\"og:site_name\" content=\"Altenheime Blog\" \/>\n<meta property=\"article:modified_time\" content=\"2015-01-13T15:04:40+00:00\" \/>\n<meta name=\"twitter:label1\" content=\"Gesch\u00e4tzte Lesezeit\" \/>\n\t<meta name=\"twitter:data1\" content=\"2\u00a0Minuten\" \/>\n<script type=\"application\/ld+json\" class=\"yoast-schema-graph\">{\"@context\":\"https:\/\/schema.org\",\"@graph\":[{\"@type\":\"WebPage\",\"@id\":\"https:\/\/altenpflege-pflegeheim.de\/de\/kurzzeitpflege\/\",\"url\":\"https:\/\/altenpflege-pflegeheim.de\/de\/kurzzeitpflege\/\",\"name\":\"Kurzzeitpflege - Altenheime Blog\",\"isPartOf\":{\"@id\":\"https:\/\/altenpflege-pflegeheim.de\/de\/#website\"},\"datePublished\":\"2015-01-13T14:59:10+00:00\",\"dateModified\":\"2015-01-13T15:04:40+00:00\",\"breadcrumb\":{\"@id\":\"https:\/\/altenpflege-pflegeheim.de\/de\/kurzzeitpflege\/#breadcrumb\"},\"inLanguage\":\"de\",\"potentialAction\":[{\"@type\":\"ReadAction\",\"target\":[\"https:\/\/altenpflege-pflegeheim.de\/de\/kurzzeitpflege\/\"]}]},{\"@type\":\"BreadcrumbList\",\"@id\":\"https:\/\/altenpflege-pflegeheim.de\/de\/kurzzeitpflege\/#breadcrumb\",\"itemListElement\":[{\"@type\":\"ListItem\",\"position\":1,\"name\":\"Home\",\"item\":\"https:\/\/altenpflege-pflegeheim.de\/de\/\"},{\"@type\":\"ListItem\",\"position\":2,\"name\":\"Kurzzeitpflege\"}]},{\"@type\":\"WebSite\",\"@id\":\"https:\/\/altenpflege-pflegeheim.de\/de\/#website\",\"url\":\"https:\/\/altenpflege-pflegeheim.de\/de\/\",\"name\":\"Altenheime Blog\",\"description\":\"\",\"potentialAction\":[{\"@type\":\"SearchAction\",\"target\":{\"@type\":\"EntryPoint\",\"urlTemplate\":\"https:\/\/altenpflege-pflegeheim.de\/de\/?s={search_term_string}\"},\"query-input\":{\"@type\":\"PropertyValueSpecification\",\"valueRequired\":true,\"valueName\":\"search_term_string\"}}],\"inLanguage\":\"de\"}]}<\/script>\n<!-- \/ Yoast SEO plugin. -->","yoast_head_json":{"title":"Kurzzeitpflege - Altenheime Blog","robots":{"index":"index","follow":"follow","max-snippet":"max-snippet:-1","max-image-preview":"max-image-preview:large","max-video-preview":"max-video-preview:-1"},"canonical":"https:\/\/altenpflege-pflegeheim.de\/de\/kurzzeitpflege\/","og_locale":"de_DE","og_type":"article","og_title":"Kurzzeitpflege - Altenheime Blog","og_description":"Was ist Kurzzeitpflege? Die Kurzzeitpflege bezeichnet die zeitweise Unterbringung einer pflegebed\u00fcrftigen Person in einer station\u00e4ren Pflegeeinrichtung, beispielsweise in einem Senioren- oder Pflegeheim.Manchmal tritt der Fall ein, dass eine Person, welche eigentlich zu Hause gepflegt wird eine vor\u00fcbergehende station\u00e4re Pflege ben\u00f6tigt. Aber auch Menschen, welche noch selbstst\u00e4ndig im eigenen Haushalt leben, k\u00f6nnen in die Lage geraten [&hellip;]","og_url":"https:\/\/altenpflege-pflegeheim.de\/de\/kurzzeitpflege\/","og_site_name":"Altenheime Blog","article_modified_time":"2015-01-13T15:04:40+00:00","twitter_misc":{"Gesch\u00e4tzte Lesezeit":"2\u00a0Minuten"},"schema":{"@context":"https:\/\/schema.org","@graph":[{"@type":"WebPage","@id":"https:\/\/altenpflege-pflegeheim.de\/de\/kurzzeitpflege\/","url":"https:\/\/altenpflege-pflegeheim.de\/de\/kurzzeitpflege\/","name":"Kurzzeitpflege - Altenheime Blog","isPartOf":{"@id":"https:\/\/altenpflege-pflegeheim.de\/de\/#website"},"datePublished":"2015-01-13T14:59:10+00:00","dateModified":"2015-01-13T15:04:40+00:00","breadcrumb":{"@id":"https:\/\/altenpflege-pflegeheim.de\/de\/kurzzeitpflege\/#breadcrumb"},"inLanguage":"de","potentialAction":[{"@type":"ReadAction","target":["https:\/\/altenpflege-pflegeheim.de\/de\/kurzzeitpflege\/"]}]},{"@type":"BreadcrumbList","@id":"https:\/\/altenpflege-pflegeheim.de\/de\/kurzzeitpflege\/#breadcrumb","itemListElement":[{"@type":"ListItem","position":1,"name":"Home","item":"https:\/\/altenpflege-pflegeheim.de\/de\/"},{"@type":"ListItem","position":2,"name":"Kurzzeitpflege"}]},{"@type":"WebSite","@id":"https:\/\/altenpflege-pflegeheim.de\/de\/#website","url":"https:\/\/altenpflege-pflegeheim.de\/de\/","name":"Altenheime Blog","description":"","potentialAction":[{"@type":"SearchAction","target":{"@type":"EntryPoint","urlTemplate":"https:\/\/altenpflege-pflegeheim.de\/de\/?s={search_term_string}"},"query-input":{"@type":"PropertyValueSpecification","valueRequired":true,"valueName":"search_term_string"}}],"inLanguage":"de"}]}},"_links":{"self":[{"href":"https:\/\/altenpflege-pflegeheim.de\/de\/wp-json\/wp\/v2\/pages\/1659","targetHints":{"allow":["GET"]}}],"collection":[{"href":"https:\/\/altenpflege-pflegeheim.de\/de\/wp-json\/wp\/v2\/pages"}],"about":[{"href":"https:\/\/altenpflege-pflegeheim.de\/de\/wp-json\/wp\/v2\/types\/page"}],"author":[{"embeddable":true,"href":"https:\/\/altenpflege-pflegeheim.de\/de\/wp-json\/wp\/v2\/users\/4"}],"replies":[{"embeddable":true,"href":"https:\/\/altenpflege-pflegeheim.de\/de\/wp-json\/wp\/v2\/comments?post=1659"}],"version-history":[{"count":0,"href":"https:\/\/altenpflege-pflegeheim.de\/de\/wp-json\/wp\/v2\/pages\/1659\/revisions"}],"wp:attachment":[{"href":"https:\/\/altenpflege-pflegeheim.de\/de\/wp-json\/wp\/v2\/media?parent=1659"}],"curies":[{"name":"wp","href":"https:\/\/api.w.org\/{rel}","templated":true}]}}